{"id":1592,"date":"2023-11-02T22:24:29","date_gmt":"2023-11-02T22:24:29","guid":{"rendered":"https:\/\/zs-belzyce.edu.pl\/?page_id=1592"},"modified":"2023-11-08T12:30:36","modified_gmt":"2023-11-08T12:30:36","slug":"wprowadzenie","status":"publish","type":"page","link":"https:\/\/zs-belzyce.edu.pl\/?page_id=1592","title":{"rendered":"Podsumowanie"},"content":{"rendered":"\t\t<div data-elementor-type=\"wp-page\" data-elementor-id=\"1592\" class=\"elementor elementor-1592\">\n\t\t\t\t\t\t\t\t\t<section class=\"elementor-section elementor-top-section elementor-element elementor-element-993d997 elementor-section-boxed elementor-section-height-default elementor-section-height-default\" data-id=\"993d997\" data-element_type=\"section\">\n\t\t\t\t\t\t<div class=\"elementor-container elementor-column-gap-default\">\n\t\t\t\t\t<div class=\"elementor-column elementor-col-100 elementor-top-column elementor-element elementor-element-b6a6825\" data-id=\"b6a6825\" data-element_type=\"column\">\n\t\t\t<div class=\"elementor-widget-wrap elementor-element-populated\">\n\t\t\t\t\t\t\t\t<div class=\"elementor-element elementor-element-b23e7ef elementor-widget elementor-widget-text-editor\" data-id=\"b23e7ef\" data-element_type=\"widget\" data-widget_type=\"text-editor.default\">\n\t\t\t\t<div class=\"elementor-widget-container\">\n\t\t\t<style>\/*! elementor - v3.17.0 - 08-11-2023 *\/\n.elementor-widget-text-editor.elementor-drop-cap-view-stacked .elementor-drop-cap{background-color:#69727d;color:#fff}.elementor-widget-text-editor.elementor-drop-cap-view-framed .elementor-drop-cap{color:#69727d;border:3px solid;background-color:transparent}.elementor-widget-text-editor:not(.elementor-drop-cap-view-default) .elementor-drop-cap{margin-top:8px}.elementor-widget-text-editor:not(.elementor-drop-cap-view-default) .elementor-drop-cap-letter{width:1em;height:1em}.elementor-widget-text-editor .elementor-drop-cap{float:left;text-align:center;line-height:1;font-size:50px}.elementor-widget-text-editor .elementor-drop-cap-letter{display:inline-block}<\/style>\t\t\t\t<h3 style=\"text-align: center;\"><span style=\"mso-spacerun: 'yes'; font-family: Arial; mso-fareast-font-family: Calibri; font-size: 12,0000pt;\">\u00a0 \u00a0 \u00a0 \u00a0 \u00a0 \u00a0 \u00a0 \u00a0 \u00a0 \u00a0 \u00a0 \u00a0 \u00a0 \u00a0 \u00a0 \u00a0 \u00a0 \u00a0 \u00a0 \u00a0 \u00a0 \u00a0 <b>70 lat min\u0119\u0142o\u2026<\/b><\/span><\/h3><p style=\"text-align: justify; text-justify: inter-ideograph;\" align=\"justify\"><span style=\"mso-spacerun: 'yes'; font-family: Arial; mso-fareast-font-family: Calibri; font-size: 12,0000pt;\">\u00a0<\/span><\/p><p style=\"text-align: justify; text-justify: inter-ideograph;\" align=\"justify\"><span style=\"mso-spacerun: 'yes'; font-family: Arial; mso-fareast-font-family: Calibri; font-size: 12,0000pt;\">\u00a0 \u00a0 \u00a0 \u00a0 21 pa\u017adziernika 2023 r. \u015bwi\u0119towali\u015bmy Jubileusz szko\u0142y. Honorowy patronat nad uroczysto\u015bci\u0105 obj\u0119li: Pan profesor Przemys\u0142aw Czarnek Minister Edukacji i Nauki,Pan Zdzis\u0142aw Anto\u0144 Starosta Lubelski i Pani Teresa Misiuk Lubelski Kurator O\u015bwiaty. <\/span><\/p><p style=\"text-align: justify; text-justify: inter-ideograph;\" align=\"justify\"><span style=\"mso-spacerun: 'yes'; font-family: Arial; mso-fareast-font-family: Calibri; font-size: 12,0000pt;\">\u00a0\u00a0\u00a0\u00a0Wszystkim obecnym na Jubileuszu bardzo dzi\u0119kujemy za obecno\u015b\u0107 i stworzenie atmosfery, kt\u00f3r\u0105 zapewni\u0107 mogli Ci, kt\u00f3rzy kiedykolwiek w jakikolwiek spos\u00f3b byli zwi\u0105zani z nasz\u0105 szko\u0142\u0105. Dzi\u0119kujemy naszym Go\u015bciom za mi\u0142e s\u0142owa skierowane do szkolnej spo\u0142eczno\u015bci. <\/span><\/p><p style=\"text-align: justify; text-justify: inter-ideograph;\" align=\"justify\"><span style=\"mso-spacerun: 'yes'; font-family: Arial; mso-fareast-font-family: Calibri; font-size: 12,0000pt;\">\u00a0\u00a0\u00a0\u00a0\u00a0Jubileusz rozpocz\u0119\u0142a uroczysta msza \u015bw. w Ko\u015bciele Parafialnym pw. Nawr\u00f3cenia \u015bw. Paw\u0142a odprawiona przez ksi\u0119dza Konrada Szlacht\u0119. Homili\u0119 wyg\u0142osi\u0142 ks. Pawe\u0142 Szyma\u0144ski. Nast\u0119pnie maszerowali\u015bmy ulicami miasta w rytm marsza. Eskortowa\u0142 nas w\u00f3z Stra\u017cy Po\u017carnej i Policja. Sk\u0105pani w promieniach s\u0142o\u0144ca i bezpieczni dotarli\u015bmy do szko\u0142y. Na sali gimnastycznej \u00a0odby\u0142a si\u0119 akademia, prowadzona przez pani\u0105 Agnieszk\u0119 Kwiatkowsk\u0105, nauczycielk\u0119 j\u0119zyka polskiego i pana Adama Skrai\u0144skiego, nauczyciela historii i wiedzy o spo\u0142ecze\u0144stwie, podczas kt\u00f3rej wspominali\u015bmy przesz\u0142o\u015b\u0107. Zosta\u0142 wy\u015bwietlony film z\u0142o\u017cony ze zdj\u0119\u0107 pochodz\u0105cych ze szkolnych kronik i archiw\u00f3w prywatnych. Wspominali\u015bmy r\u00f3wnie\u017c tych nauczycieli, kt\u00f3rzy odeszli. Obydwa filmy by\u0142y zaprezentowane z my\u015bl\u0105, \u017ce jedno zdj\u0119cie m\u00f3wi wi\u0119cej ni\u017c tysi\u0105c s\u0142\u00f3w. Do film\u00f3w do\u0142\u0105czone zosta\u0142y recytacje wierszy wykonane przez uczni\u00f3w: Martyn\u0119 Taramas, Piotra Ko\u0142tuniewicza i Jakuba Majkuta. W przem\u00f3wieniu Anny Matysek, dyrektora Zespo\u0142u Szk\u00f3\u0142, znalaz\u0142o si\u0119 kilka wa\u017cnych dat, ale przede wszystkim s\u0142owa uznania dla dyrektor\u00f3w, nauczycieli, pracownik\u00f3w i uczni\u00f3w wszystkich pokole\u0144 zwi\u0105zanych z nasz\u0105 szko\u0142\u0105. Dok\u0142adne informacje dotycz\u0105ce rozwoju szko\u0142y zawarte s\u0105 w monografii wydanej \u00a0z okazji Jubileuszu. <\/span><\/p><p style=\"text-align: justify; text-justify: inter-ideograph;\" align=\"justify\"><span style=\"mso-spacerun: 'yes'; font-family: Arial; mso-fareast-font-family: Calibri; font-size: 12,0000pt;\">\u00a0\u00a0\u00a0\u00a0\u00a0\u00a0\u00a0W trakcie uroczysto\u015bci mia\u0142y miejsce spontaniczne i niezwykle mi\u0142e zdarzenia. Pani \u00a0Danuta z domu Winiarska, rok uko\u0144czenia szko\u0142y 1965, wspomina\u0142a swoje szkolne lata, kt\u00f3re urozmaici\u0142a piosenkami bliskimi jej pokoleniu i sercu. Razem z ni\u0105 \u015bpiewa\u0142a ca\u0142a sala. Wychowankowie pani Marianny \u017bydek, rok uko\u0144czenia 1971, wr\u0119czyli kwiaty swojej ukochanej nauczycielce ( najstarszej na sali ), a wszyscy obecni wstali \u00a0i od\u015bpiewali \u201eSto lat\u201d. Bukietami kwiat\u00f3w uhonorowani zostali byli dyrektorzy \u201eKopernika\u201d pani El\u017cbieta Kaszlikowska i pan Stanis\u0142aw Banach. Po przem\u00f3wieniach, wspomnieniach i gratulacjach nasze nauczycielki wraz z uczennicami od\u015bpiewa\u0142y hymn szko\u0142y, poczty sztandarowe odprowadzi\u0142y sztandary: Liceum Og\u00f3lnokszta\u0142c\u0105cego im. Miko\u0142aja Kopernika i Zespo\u0142u Szk\u00f3\u0142 im. Miko\u0142aja Kopernika. Dyrekcja w osobach: Anna Matysek, Ma\u0142gorzata Dubil i Dariusz Grabek zaprosili wszystkich do zwiedzania szko\u0142y, a pana Starost\u0119 Zdzis\u0142awa Antonia o ods\u0142oni\u0119cie pami\u0105tkowej tablicy. <\/span><\/p><p style=\"text-align: justify; text-justify: inter-ideograph;\" align=\"justify\"><span style=\"mso-spacerun: 'yes'; font-family: Arial; mso-fareast-font-family: Calibri; font-size: 12,0000pt;\">Pok\u00f3j nauczycielski zamieni\u0142 si\u0119 tego dnia w sal\u0119 bankietow\u0105 dzi\u0119ki nauczycielom przedmiot\u00f3w gastronomicznych, a od godziny 16. rozpocz\u0105\u0142 si\u0119 bal absolwenta, kt\u00f3ry zosta\u0142 zorganizowany w \u201eDomu Weselnym u Torunia\u201d w Be\u0142\u017cycach. <\/span><\/p><p style=\"text-align: justify; text-justify: inter-ideograph;\" align=\"justify\"><span style=\"mso-spacerun: 'yes'; font-family: Arial; mso-fareast-font-family: Calibri; font-size: 12,0000pt;\">By\u0142o wzruszaj\u0105co, weso\u0142o i spontanicznie.\u00a0<\/span><\/p>\t\t\t\t\t\t<\/div>\n\t\t\t\t<\/div>\n\t\t\t\t\t<\/div>\n\t\t<\/div>\n\t\t\t\t\t\t\t<\/div>\n\t\t<\/section>\n\t\t\t\t\t\t\t<\/div>\n\t\t","protected":false},"excerpt":{"rendered":"<p>\u00a0 \u00a0 \u00a0 \u00a0 \u00a0 \u00a0 \u00a0 \u00a0 \u00a0 \u00a0 \u00a0 \u00a0 \u00a0 \u00a0 \u00a0 \u00a0 \u00a0 \u00a0 \u00a0 \u00a0 \u00a0 \u00a0 [&hellip;]<\/p>\n","protected":false},"author":1,"featured_media":0,"parent":0,"menu_order":25,"comment_status":"closed","ping_status":"closed","template":"","meta":{"footnotes":""},"class_list":["post-1592","page","type-page","status-publish","hentry"],"_links":{"self":[{"href":"https:\/\/zs-belzyce.edu.pl\/index.php?rest_route=\/wp\/v2\/pages\/1592","targetHints":{"allow":["GET"]}}],"collection":[{"href":"https:\/\/zs-belzyce.edu.pl\/index.php?rest_route=\/wp\/v2\/pages"}],"about":[{"href":"https:\/\/zs-belzyce.edu.pl\/index.php?rest_route=\/wp\/v2\/types\/page"}],"author":[{"embeddable":true,"href":"https:\/\/zs-belzyce.edu.pl\/index.php?rest_route=\/wp\/v2\/users\/1"}],"replies":[{"embeddable":true,"href":"https:\/\/zs-belzyce.edu.pl\/index.php?rest_route=%2Fwp%2Fv2%2Fcomments&post=1592"}],"version-history":[{"count":11,"href":"https:\/\/zs-belzyce.edu.pl\/index.php?rest_route=\/wp\/v2\/pages\/1592\/revisions"}],"predecessor-version":[{"id":1654,"href":"https:\/\/zs-belzyce.edu.pl\/index.php?rest_route=\/wp\/v2\/pages\/1592\/revisions\/1654"}],"wp:attachment":[{"href":"https:\/\/zs-belzyce.edu.pl\/index.php?rest_route=%2Fwp%2Fv2%2Fmedia&parent=1592"}],"curies":[{"name":"wp","href":"https:\/\/api.w.org\/{rel}","templated":true}]}}