{"id":1621,"date":"2023-11-02T22:46:23","date_gmt":"2023-11-02T22:46:23","guid":{"rendered":"https:\/\/zs-belzyce.edu.pl\/?page_id=1621"},"modified":"2023-11-02T22:46:45","modified_gmt":"2023-11-02T22:46:45","slug":"lista-gosci-obecnych-na-jubileuszu","status":"publish","type":"page","link":"https:\/\/zs-belzyce.edu.pl\/?page_id=1621","title":{"rendered":"Lista go\u015bci obecnych na Jubileuszu"},"content":{"rendered":"\t\t<div data-elementor-type=\"wp-page\" data-elementor-id=\"1621\" class=\"elementor elementor-1621\">\n\t\t\t\t\t\t\t\t\t<section class=\"elementor-section elementor-top-section elementor-element elementor-element-101c0e9 elementor-section-boxed elementor-section-height-default elementor-section-height-default\" data-id=\"101c0e9\" data-element_type=\"section\">\n\t\t\t\t\t\t<div class=\"elementor-container elementor-column-gap-default\">\n\t\t\t\t\t<div class=\"elementor-column elementor-col-100 elementor-top-column elementor-element elementor-element-0b219ae\" data-id=\"0b219ae\" data-element_type=\"column\">\n\t\t\t<div class=\"elementor-widget-wrap elementor-element-populated\">\n\t\t\t\t\t\t\t\t<div class=\"elementor-element elementor-element-7fe9929 elementor-widget elementor-widget-text-editor\" data-id=\"7fe9929\" data-element_type=\"widget\" data-widget_type=\"text-editor.default\">\n\t\t\t\t<div class=\"elementor-widget-container\">\n\t\t\t<style>\/*! elementor - v3.17.0 - 08-11-2023 *\/\n.elementor-widget-text-editor.elementor-drop-cap-view-stacked .elementor-drop-cap{background-color:#69727d;color:#fff}.elementor-widget-text-editor.elementor-drop-cap-view-framed .elementor-drop-cap{color:#69727d;border:3px solid;background-color:transparent}.elementor-widget-text-editor:not(.elementor-drop-cap-view-default) .elementor-drop-cap{margin-top:8px}.elementor-widget-text-editor:not(.elementor-drop-cap-view-default) .elementor-drop-cap-letter{width:1em;height:1em}.elementor-widget-text-editor .elementor-drop-cap{float:left;text-align:center;line-height:1;font-size:50px}.elementor-widget-text-editor .elementor-drop-cap-letter{display:inline-block}<\/style>\t\t\t\t<p style=\"text-align: center;\"><span style=\"font-weight: bolder;\">Jubileusz zaszczycili swoj\u0105 obecno\u015bci\u0105:<\/span><\/p><p>Pan Janusz Wawerski, ekspert ds. wsp\u00f3\u0142pracy z samorz\u0105dem, kt\u00f3ry reprezentowa\u0142 Ministra Edukacji i Nauki,<\/p><p>Pan Pan Zdzislaw Anto\u0144 \u2013 Starosta Lubelski,&nbsp;<\/p><p>Pani Ewa Podka\u0144ska \u2013 Starszy Wizytator Lubelskiego Kuratorium O\u015bwiaty,<\/p><p>Pan Krzysztof Chmielik \u2013 Przewodnicz\u0105cy Rady Powiatu w Lublinie,<\/p><p>Radni Powiatu Lubelskiego: Pani Joanna Kaznowska, Pan Marcin Olszak, Pan Mateusz Winiarski, Pan Grzegorz Widelski<\/p><p>Pan Artur Rumi\u0144ski \u2013 Sekretarz Powiatu Lubelskiego,<\/p><p>Pani Marta Janeczko \u2013 Skarbnik Powiatu Lubelskiego,<\/p><p>Pani Anna Zieli\u0144ska \u2013 Dyrektor Wydzia\u0142u Edukacji, Zdrowia i Spraw Spo\u0142ecznych Starostwa Powiatowego w Lublinie.<\/p><p>Pan Ireneusz \u0141ucka \u2013 Burmistrz Be\u0142\u017cyc,<\/p><p>Pan Grzegorz Kami\u0144ski \u2013 Przewodnicz\u0105cy Rady Miejskiej w Be\u0142\u017cycach,<\/p><p>Pani Anna Ostasz \u2013 z-ca Burmistrza Be\u0142\u017cyc<\/p><p>Pani Joanna Kaznowska \u2013 Sekretarz Gminy Be\u0142\u017cyce<\/p><p>Pan Dariusz Kami\u0144ski \u2013 Dyrektor Samodzielnego Publicznego Zak\u0142adu Opieki Zdrowotnej Nr 1 w Be\u0142\u017cycach<\/p><p>Pani Urszula Zieli\u0144ska \u2013 Dyrektor Powiatowy O\u015brodek Wsparcia dla Os\u00f3b z Zaburzeniami Psychicznymi w Be\u0142\u017cycach,<\/p><p>Dyrektorzy szk\u00f3\u0142 i plac\u00f3wek o\u015bwiatowych Powiatu Lubelskiego<\/p><p>Dyrektorzy szk\u00f3\u0142 i plac\u00f3wek z terenu Gminy Be\u0142\u017cyce, Niedrzwica Du\u017ca, Borzech\u00f3w<\/p><p>Pani Krystyna Tomczyk \u2013 Prezes Oddzia\u0142u Okr\u0119gu Lubelskiego ZNP<\/p><p>Ksi\u0119\u017ca Parafii Rzymsko \u2013 Katolickiej pw. Nawr\u00f3cenia \u015aw. Paw\u0142a w Be\u0142\u017cycach: ks.Konrad Szlachta, ks.Pawe\u0142 Szyma\u0144ski<\/p><p>Nauczyciele emeryci: Pani Marianna \u017bydek, Pan Andrzej Czaja, Pan J\u00f3zef Raku\u015b,&nbsp; Pan Zbigniew Go\u0142ofit<\/p><p>Byli Dyrektorzy \u201eKopernika\u201d: Pani El\u017cbieta Kaszlikowska i Pan Stanis\u0142aw Banach<\/p><p>Pan Wies\u0142aw Chodu\u0144 dyrektor Zespo\u0142u Szk\u00f3\u0142 Technicznych im. Tadeusza Ko\u015bciuszki<\/p><p>Przewodnicz\u0105cy Rady Rodzic\u00f3w: Pan Bogus\u0142aw Winiarski, Pan Grzegorz Dobrowolski, Pan Piotr Brewczak, Pan Grzegorz Kami\u0144ski oraz pe\u0142ni\u0105cy funkcj\u0119 Przewodnicz\u0105cego od wrze\u015bnia 2023 r. Pan Piotr Ko\u0142tuniewicz<\/p><p>Nauczyciele i pracownicy \u201eKopernika\u201d \u2013 sprzed lat i obecnie pracuj\u0105cy w szkole<\/p><p>Uczniowie Zespo\u0142u Szk\u00f3\u0142 im. Miko\u0142aja Kopernika oraz najwa\u017cniejsi bohaterowie spotkania czyli absolwenci szko\u0142y<\/p>\t\t\t\t\t\t<\/div>\n\t\t\t\t<\/div>\n\t\t\t\t\t<\/div>\n\t\t<\/div>\n\t\t\t\t\t\t\t<\/div>\n\t\t<\/section>\n\t\t\t\t\t\t\t<\/div>\n\t\t","protected":false},"excerpt":{"rendered":"<p>Jubileusz zaszczycili swoj\u0105 obecno\u015bci\u0105: Pan Janusz Wawerski, ekspert ds. wsp\u00f3\u0142pracy z samorz\u0105dem, kt\u00f3ry reprezentowa\u0142 Ministra Edukacji i Nauki, Pan Pan Zdzislaw Anto\u0144 [&hellip;]<\/p>\n","protected":false},"author":1,"featured_media":0,"parent":0,"menu_order":22,"comment_status":"closed","ping_status":"closed","template":"","meta":{"footnotes":""},"class_list":["post-1621","page","type-page","status-publish","hentry"],"_links":{"self":[{"href":"https:\/\/zs-belzyce.edu.pl\/index.php?rest_route=\/wp\/v2\/pages\/1621","targetHints":{"allow":["GET"]}}],"collection":[{"href":"https:\/\/zs-belzyce.edu.pl\/index.php?rest_route=\/wp\/v2\/pages"}],"about":[{"href":"https:\/\/zs-belzyce.edu.pl\/index.php?rest_route=\/wp\/v2\/types\/page"}],"author":[{"embeddable":true,"href":"https:\/\/zs-belzyce.edu.pl\/index.php?rest_route=\/wp\/v2\/users\/1"}],"replies":[{"embeddable":true,"href":"https:\/\/zs-belzyce.edu.pl\/index.php?rest_route=%2Fwp%2Fv2%2Fcomments&post=1621"}],"version-history":[{"count":7,"href":"https:\/\/zs-belzyce.edu.pl\/index.php?rest_route=\/wp\/v2\/pages\/1621\/revisions"}],"predecessor-version":[{"id":1628,"href":"https:\/\/zs-belzyce.edu.pl\/index.php?rest_route=\/wp\/v2\/pages\/1621\/revisions\/1628"}],"wp:attachment":[{"href":"https:\/\/zs-belzyce.edu.pl\/index.php?rest_route=%2Fwp%2Fv2%2Fmedia&parent=1621"}],"curies":[{"name":"wp","href":"https:\/\/api.w.org\/{rel}","templated":true}]}}