{"id":205,"date":"2022-11-28T22:41:49","date_gmt":"2022-11-28T22:41:49","guid":{"rendered":"https:\/\/test1.zs-belzyce.edu.pl\/?page_id=205"},"modified":"2025-11-25T19:46:03","modified_gmt":"2025-11-25T19:46:03","slug":"dokumenty-szkolne","status":"publish","type":"page","link":"https:\/\/zs-belzyce.edu.pl\/?page_id=205","title":{"rendered":"Dokumenty szkolne"},"content":{"rendered":"\t\t<div data-elementor-type=\"wp-page\" data-elementor-id=\"205\" class=\"elementor elementor-205\">\n\t\t\t\t\t\t\t\t\t<section class=\"elementor-section elementor-top-section elementor-element elementor-element-1ce7a76e elementor-section-boxed elementor-section-height-default elementor-section-height-default\" data-id=\"1ce7a76e\" data-element_type=\"section\">\n\t\t\t\t\t\t<div class=\"elementor-container elementor-column-gap-default\">\n\t\t\t\t\t<div class=\"elementor-column elementor-col-100 elementor-top-column elementor-element elementor-element-12b4215b\" data-id=\"12b4215b\" data-element_type=\"column\">\n\t\t\t<div class=\"elementor-widget-wrap elementor-element-populated\">\n\t\t\t\t\t\t\t\t<div class=\"elementor-element elementor-element-47e7744c elementor-widget elementor-widget-text-editor\" data-id=\"47e7744c\" data-element_type=\"widget\" data-widget_type=\"text-editor.default\">\n\t\t\t\t<div class=\"elementor-widget-container\">\n\t\t\t<style>\/*! elementor - v3.17.0 - 08-11-2023 *\/\n.elementor-widget-text-editor.elementor-drop-cap-view-stacked .elementor-drop-cap{background-color:#69727d;color:#fff}.elementor-widget-text-editor.elementor-drop-cap-view-framed .elementor-drop-cap{color:#69727d;border:3px solid;background-color:transparent}.elementor-widget-text-editor:not(.elementor-drop-cap-view-default) .elementor-drop-cap{margin-top:8px}.elementor-widget-text-editor:not(.elementor-drop-cap-view-default) .elementor-drop-cap-letter{width:1em;height:1em}.elementor-widget-text-editor .elementor-drop-cap{float:left;text-align:center;line-height:1;font-size:50px}.elementor-widget-text-editor .elementor-drop-cap-letter{display:inline-block}<\/style>\t\t\t\t<p>\u00a0<\/p>\n<center>\n<p>\u00a0<\/p>\n<p><!-- wp:paragraph {\"align\":\"center\"} --><\/p>\n<p><a href=\"https:\/\/drive.google.com\/file\/d\/1Rb7iRDoDYCTalfygIWqYn_zpPmrn-jaZ\/view\">RODO \u2013 Obowi\u0105zek informacyjny<\/a><\/p>\n<p><!-- \/wp:paragraph --><\/p>\n<p><!-- wp:paragraph {\"align\":\"center\"} --><\/p>\n<p><a href=\"https:\/\/zs-belzyce.edu.pl\/wp-content\/uploads\/2021\/01\/Regulamin-pracy-zdalnej.pdf\">Regulamin pracy zdalnej<\/a><\/p>\n<p><!-- \/wp:paragraph --><\/p>\n<p><!-- wp:paragraph {\"align\":\"center\"} --><\/p>\n<p><a href=\"https:\/\/drive.google.com\/file\/d\/1H6yaT0WmNcVkjdFWdL-0bDc3lrHp6PyJ\/view\">Zarz\u0105dzenie dyrektora\u00a0w sprawie okre\u015blenia zasad zaliczania do wymiaru godzin poszczeg\u00f3lnych zaj\u0119\u0107 realizowanych z wykorzystaniem metod i technik kszta\u0142cenia na odleg\u0142o\u015b\u0107 lub innego sposobu kszta\u0142cenia w zwi\u0105zku z dalszym zapobieganiem, przeciwdzia\u0142aniem i zwalczaniem COVID-19<\/a><\/p>\n<p><!-- \/wp:paragraph --><\/p>\n<p><!-- wp:paragraph {\"align\":\"center\"} --><\/p>\n<p><a href=\"https:\/\/docs.google.com\/document\/u\/2\/d\/1r8ZPE9c5y-f6Oan0tLdf9T7uG4n-zI5v\/edit?usp=share_link&amp;ouid=117965855946921972467&amp;rtpof=true&amp;sd=true\"><strong>Klauzula informacyjna \u2013 MONITORING WIZYJNY\u00a0<\/strong><\/a><\/p>\n<p><!-- \/wp:paragraph --><\/p>\n<p><!-- wp:paragraph {\"align\":\"center\"} --><\/p>\n<p><strong>Statuty obowi\u0105zuj\u0105ce od roku 2025\/2026.<br \/><br \/><\/strong><a href=\"https:\/\/docs.google.com\/document\/d\/1u7KggfNXpwVqjgfKcgIcLpujDCRsM1Yf\/edit?usp=sharing&amp;ouid=117965855946921972467&amp;rtpof=true&amp;sd=true\">Projekt uchwa\u0142a rady szko\u0142y IX 2025<\/a><\/p>\n<p><!-- \/wp:paragraph --><\/p>\n<p><!-- wp:paragraph {\"align\":\"center\"} --><\/p>\n<p><a href=\"https:\/\/docs.google.com\/document\/d\/1wUCXjOUyyNkQtBCO_juyDP3qBSEZmxYf\/edit?usp=sharing&amp;ouid=117965855946921972467&amp;rtpof=true&amp;sd=true\" target=\"_blank\" rel=\"noreferrer noopener\">Statut Zespo\u0142u Szk\u00f3\u0142 im. Miko\u0142aja Kopernika w Be\u0142\u017cycach<\/a><br \/><a href=\"https:\/\/docs.google.com\/document\/d\/1XxaKdCPSFv_wEypfPY8aU2w7FWotolZl\/edit?usp=sharing&amp;ouid=117965855946921972467&amp;rtpof=true&amp;sd=true\">Statut_Liceum_Og\u00f3lnokszta\u0142c\u0105cego<\/a>\u00a0<br \/><a href=\"https:\/\/docs.google.com\/document\/d\/1awMZeAnalUmTfkEM2Ga4rZsRLT3f4D56\/edit?usp=sharing&amp;ouid=117965855946921972467&amp;rtpof=true&amp;sd=true\">Statut Technikum<\/a>\u00a0<br \/><a href=\"https:\/\/docs.google.com\/document\/d\/1QNz6NWTLL39FnexXM9qXYzlhlF_8JQp8\/edit?usp=sharing&amp;ouid=117965855946921972467&amp;rtpof=true&amp;sd=true\">Statut Bran\u017cowej Szko\u0142y I Stopnia<\/a>\u00a0<br \/><a href=\"https:\/\/docs.google.com\/document\/d\/1moGHNvHnLx7BXj1ad5ic_Dv1jABbuJR5\/edit?usp=sharing&amp;ouid=117965855946921972467&amp;rtpof=true&amp;sd=true\">Statut Bran\u017cowej Szko\u0142y II Stopnia<\/a>\u00a0<\/p>\n<p><strong>Statuty obowi\u0105zuj\u0105ce w szkole policealnej oraz licecum og\u00f3lnokszta\u0142c\u0105cym dla doros\u0142ych<\/strong><br \/><a href=\"https:\/\/drive.google.com\/file\/d\/1d1qIRvNFLSVUqkMrGwQF8gTez_3J48pY\/view\">Statut_Szko\u0142y_Policealnej dla Doros\u0142ych<\/a><br \/><a href=\"https:\/\/drive.google.com\/file\/d\/1n5_PEF1cU7RE830BFzLwKQyWuSwPlb8t\/view\">Statut Liceum Og\u00f3lnokszta\u0142c\u0105cego dla Doros\u0142ych<\/a><\/p>\n<p><!-- \/wp:paragraph --><\/p>\n<p><!-- wp:paragraph {\"align\":\"center\"} --><\/p>\n<p><a href=\"https:\/\/drive.google.com\/file\/d\/1uQvW2lL_1dzRmmORL3eTW3SggnDUcOW8\/view\">Program wychowawczo-profilaktyczny<\/a><br \/><a href=\"https:\/\/drive.google.com\/file\/d\/16MFAz482vTkRFv5q8J9s_SM9pKJGHf9F\/view?usp=share_link\" target=\"_blank\" rel=\"noreferrer noopener\">Program wychowawczy<\/a><br \/><a href=\"https:\/\/drive.google.com\/file\/d\/1SmkH37MhWcXXqNsXEkUeiNjPpqRCHgKX\/view\" target=\"_blank\" rel=\"noreferrer noopener\">Aneks do programu wychowawczego<\/a><br \/><br \/><a href=\"https:\/\/drive.google.com\/file\/d\/11zSjc_8htLpkgkO6R8DVOpKmijYsv-zJ\/view?usp=sharing\">Standardy ochrony ma\u0142oletnich\u00a0<\/a><\/p>\n<p><a href=\"https:\/\/drive.google.com\/file\/d\/1fZZUYZ6STf8ar838UPUizn4AfCVa8WXR\/view\" target=\"_blank\" rel=\"noreferrer noopener\">Regulamin e-dziennika<\/a><a href=\"https:\/\/docs.google.com\/document\/d\/1UCSuA6Wob2xICEK_p6_mjfKK1Ip-c14a\/edit\"><br \/>Regulamin Kurs\u00f3w Kwalifikacyjnych<\/a><br \/><a href=\"https:\/\/drive.google.com\/drive\/folders\/1-Q3CNBIh_GKSFBxXLNTZqz-gjeW0EZwz?usp=share_link\"><span style=\"background-color: #ffffff; font-size: 1rem;\">Dokumentacja szkolna(nauczyciel)\u00a0<\/span><\/a><br \/><a href=\"https:\/\/forms.gle\/fh6kvJ1QWEgGNAWs8\">Zg\u0142oszenia identyfikator\u00f3w<\/a><\/p>\n<p><!-- \/wp:table --><\/p>\n<p>\u00a0<\/p>\n<p>\u00a0<\/p>\n<\/center>\n<p>\u00a0<\/p>\t\t\t\t\t\t<\/div>\n\t\t\t\t<\/div>\n\t\t\t\t\t<\/div>\n\t\t<\/div>\n\t\t\t\t\t\t\t<\/div>\n\t\t<\/section>\n\t\t\t\t\t\t\t<\/div>\n\t\t","protected":false},"excerpt":{"rendered":"<p>\u00a0 \u00a0 RODO \u2013 Obowi\u0105zek informacyjny Regulamin pracy zdalnej Zarz\u0105dzenie dyrektora\u00a0w sprawie okre\u015blenia zasad zaliczania do wymiaru godzin poszczeg\u00f3lnych zaj\u0119\u0107 realizowanych z [&hellip;]<\/p>\n","protected":false},"author":1,"featured_media":0,"parent":0,"menu_order":38,"comment_status":"closed","ping_status":"closed","template":"","meta":{"footnotes":""},"class_list":["post-205","page","type-page","status-publish","hentry"],"_links":{"self":[{"href":"https:\/\/zs-belzyce.edu.pl\/index.php?rest_route=\/wp\/v2\/pages\/205","targetHints":{"allow":["GET"]}}],"collection":[{"href":"https:\/\/zs-belzyce.edu.pl\/index.php?rest_route=\/wp\/v2\/pages"}],"about":[{"href":"https:\/\/zs-belzyce.edu.pl\/index.php?rest_route=\/wp\/v2\/types\/page"}],"author":[{"embeddable":true,"href":"https:\/\/zs-belzyce.edu.pl\/index.php?rest_route=\/wp\/v2\/users\/1"}],"replies":[{"embeddable":true,"href":"https:\/\/zs-belzyce.edu.pl\/index.php?rest_route=%2Fwp%2Fv2%2Fcomments&post=205"}],"version-history":[{"count":68,"href":"https:\/\/zs-belzyce.edu.pl\/index.php?rest_route=\/wp\/v2\/pages\/205\/revisions"}],"predecessor-version":[{"id":2609,"href":"https:\/\/zs-belzyce.edu.pl\/index.php?rest_route=\/wp\/v2\/pages\/205\/revisions\/2609"}],"wp:attachment":[{"href":"https:\/\/zs-belzyce.edu.pl\/index.php?rest_route=%2Fwp%2Fv2%2Fmedia&parent=205"}],"curies":[{"name":"wp","href":"https:\/\/api.w.org\/{rel}","templated":true}]}}