{"id":207,"date":"2022-11-28T22:41:49","date_gmt":"2022-11-28T22:41:49","guid":{"rendered":"https:\/\/test1.zs-belzyce.edu.pl\/?page_id=207"},"modified":"2025-09-12T08:43:25","modified_gmt":"2025-09-12T08:43:25","slug":"kontakt","status":"publish","type":"page","link":"https:\/\/zs-belzyce.edu.pl\/?page_id=207","title":{"rendered":"Kontakt"},"content":{"rendered":"\n<p class=\"has-text-align-center\">Skrzynka eDoreczenia:  AE:PL-19784-87876-HTFEG-23<\/p>\n\n\n\n<p class=\"has-text-align-center\">KONTAKT<\/p>\n\n\n\n<p class=\"has-text-align-center\">Zesp\u00f3\u0142 Szk\u00f3\u0142 im. Miko\u0142aja Kopernika<br>ul. Bychawska 4<br>24-200 Be\u0142\u017cyce<br>tel.\/fax: (81) 517 23 62&nbsp;<br>&nbsp; &nbsp; &nbsp; &nbsp;tel. (81) 517 23 60<br>&nbsp; &nbsp; &nbsp; &nbsp;tel. 507 195 951<br>mail:&nbsp;sekretariat@zs-belzyce.edu.pl<\/p>\n","protected":false},"excerpt":{"rendered":"<p>Skrzynka eDoreczenia: AE:PL-19784-87876-HTFEG-23 KONTAKT Zesp\u00f3\u0142 Szk\u00f3\u0142 im. Miko\u0142aja Kopernikaul. Bychawska 424-200 Be\u0142\u017cycetel.\/fax: (81) 517 23 62&nbsp;&nbsp; &nbsp; &nbsp; &nbsp;tel. (81) 517 23 [&hellip;]<\/p>\n","protected":false},"author":1,"featured_media":0,"parent":0,"menu_order":49,"comment_status":"closed","ping_status":"closed","template":"","meta":{"footnotes":""},"class_list":["post-207","page","type-page","status-publish","hentry"],"_links":{"self":[{"href":"https:\/\/zs-belzyce.edu.pl\/index.php?rest_route=\/wp\/v2\/pages\/207","targetHints":{"allow":["GET"]}}],"collection":[{"href":"https:\/\/zs-belzyce.edu.pl\/index.php?rest_route=\/wp\/v2\/pages"}],"about":[{"href":"https:\/\/zs-belzyce.edu.pl\/index.php?rest_route=\/wp\/v2\/types\/page"}],"author":[{"embeddable":true,"href":"https:\/\/zs-belzyce.edu.pl\/index.php?rest_route=\/wp\/v2\/users\/1"}],"replies":[{"embeddable":true,"href":"https:\/\/zs-belzyce.edu.pl\/index.php?rest_route=%2Fwp%2Fv2%2Fcomments&post=207"}],"version-history":[{"count":5,"href":"https:\/\/zs-belzyce.edu.pl\/index.php?rest_route=\/wp\/v2\/pages\/207\/revisions"}],"predecessor-version":[{"id":2538,"href":"https:\/\/zs-belzyce.edu.pl\/index.php?rest_route=\/wp\/v2\/pages\/207\/revisions\/2538"}],"wp:attachment":[{"href":"https:\/\/zs-belzyce.edu.pl\/index.php?rest_route=%2Fwp%2Fv2%2Fmedia&parent=207"}],"curies":[{"name":"wp","href":"https:\/\/api.w.org\/{rel}","templated":true}]}}