{"id":2239,"date":"2025-03-03T20:36:45","date_gmt":"2025-03-03T20:36:45","guid":{"rendered":"https:\/\/zs-belzyce.edu.pl\/?page_id=2239"},"modified":"2025-03-03T20:36:45","modified_gmt":"2025-03-03T20:36:45","slug":"projekt-laboratorium-innowacji-3d","status":"publish","type":"page","link":"https:\/\/zs-belzyce.edu.pl\/?page_id=2239","title":{"rendered":"Projekt \u201eLaboratorium Innowacji 3D\u201d"},"content":{"rendered":"\n<p>W dniu 01.01.2025 rozpocz\u0119li\u015bmy realizacj\u0119 Projektu \u201e Laboratorium Innowacji 3D\u201d w szko\u0142ach powiatu lubelskiego- kompleksowy program rozwojowy dla uczni\u00f3w obejmuj\u0105cy kszta\u0142towanie i rozwijanie kompetencji uczni\u00f3w poprzez wsparcie potencja\u0142u dydaktycznego szk\u00f3\u0142 oraz doradztwo edukacyjno \u2013 zawodowe dla uczni\u00f3w.\u201d Projekt realizowany jest w ramach Programu Fundusze Europejskie dla Lubelskiego 2021-2027, w ramach dzia\u0142ania 10.5 Wsparcie na rzecz szkolnictwa podstawowego i \u015bredniego (z wy\u0142\u0105czeniem infrastruktury).<\/p>\n\n\n\n<p>Okres realizacji: 01.01.2025-30.06.2026<\/p>\n\n\n\n<p>Ca\u0142kowita warto\u015b\u0107 projektu wynosi: 1 781 436,00 z\u0142<\/p>\n\n\n\n<p>Warto\u015b\u0107 dofinansowania z Funduszy Unijnych: 1 603 292,40 z\u0142<\/p>\n\n\n\n<p>Celem g\u0142\u00f3wnym projektu jest zwi\u0119kszenie dost\u0119pu do wysokiej jako\u015bci kszta\u0142cenia i szkolenia orazmo\u017cliwo\u015bci ich uko\u0144czenia w\u015br\u00f3d uczni\u00f3w szk\u00f3\u0142 og\u00f3lnokszta\u0142c\u0105cych i zawodowych oraz nauczycieli poprzez realizacj\u0119program\u00f3w rozwojowych, doposa\u017cenie pracowni i wzrost jako\u015bci kszta\u0142cenia w szko\u0142ach \u015brednichna terenie powiatu lubelskiego.<\/p>\n\n\n\n<p>W ramach projektu zostan\u0105 zrealizowane nast\u0119puj\u0105ce zadania:<\/p>\n\n\n\n<p>\u2013 doradztwo edukacyjno \u2013 zawodowe dla uczni\u00f3w ,<\/p>\n\n\n\n<p>\u2013 zaj\u0119cia zawodoznawcze,<\/p>\n\n\n\n<p>\u2013 szkolenie z zakresu dron\u00f3w i modelowania 3D dla nauczycieli i uczni\u00f3w,<\/p>\n\n\n\n<p>\u2013 sta\u017ce zawodowe dla uczni\u00f3w,<\/p>\n\n\n\n<p>\u2013 wyposa\u017cenie profesjonalnych pracowni 3D.<\/p>\n\n\n\n<p>Wszystkie zadania b\u0119d\u0105 realizowane na rzecz Powiatu Lubelskiego.<\/p>\n\n\n\n<p>#FunduszeUE<\/p>\n\n\n\n<p>#FunduszeEuropejskie<\/p>\n\n\n\n<figure class=\"wp-block-image size-full\"><img loading=\"lazy\" decoding=\"async\" width=\"1024\" height=\"724\" src=\"https:\/\/zs-belzyce.edu.pl\/wp-content\/uploads\/2025\/03\/Plakat_wersja-skrocona_00-1024x724-1.png\" alt=\"\" class=\"wp-image-2240\" srcset=\"https:\/\/zs-belzyce.edu.pl\/wp-content\/uploads\/2025\/03\/Plakat_wersja-skrocona_00-1024x724-1.png 1024w, https:\/\/zs-belzyce.edu.pl\/wp-content\/uploads\/2025\/03\/Plakat_wersja-skrocona_00-1024x724-1-300x212.png 300w, https:\/\/zs-belzyce.edu.pl\/wp-content\/uploads\/2025\/03\/Plakat_wersja-skrocona_00-1024x724-1-768x543.png 768w, https:\/\/zs-belzyce.edu.pl\/wp-content\/uploads\/2025\/03\/Plakat_wersja-skrocona_00-1024x724-1-1000x707.png 1000w, https:\/\/zs-belzyce.edu.pl\/wp-content\/uploads\/2025\/03\/Plakat_wersja-skrocona_00-1024x724-1-230x163.png 230w, https:\/\/zs-belzyce.edu.pl\/wp-content\/uploads\/2025\/03\/Plakat_wersja-skrocona_00-1024x724-1-350x247.png 350w, https:\/\/zs-belzyce.edu.pl\/wp-content\/uploads\/2025\/03\/Plakat_wersja-skrocona_00-1024x724-1-480x339.png 480w\" sizes=\"auto, (max-width: 1024px) 100vw, 1024px\" \/><\/figure>\n","protected":false},"excerpt":{"rendered":"<p>W dniu 01.01.2025 rozpocz\u0119li\u015bmy realizacj\u0119 Projektu \u201e Laboratorium Innowacji 3D\u201d w szko\u0142ach powiatu lubelskiego- kompleksowy program rozwojowy dla uczni\u00f3w obejmuj\u0105cy kszta\u0142towanie i [&hellip;]<\/p>\n","protected":false},"author":1,"featured_media":2240,"parent":0,"menu_order":7,"comment_status":"closed","ping_status":"closed","template":"","meta":{"footnotes":""},"class_list":["post-2239","page","type-page","status-publish","has-post-thumbnail","hentry"],"_links":{"self":[{"href":"https:\/\/zs-belzyce.edu.pl\/index.php?rest_route=\/wp\/v2\/pages\/2239","targetHints":{"allow":["GET"]}}],"collection":[{"href":"https:\/\/zs-belzyce.edu.pl\/index.php?rest_route=\/wp\/v2\/pages"}],"about":[{"href":"https:\/\/zs-belzyce.edu.pl\/index.php?rest_route=\/wp\/v2\/types\/page"}],"author":[{"embeddable":true,"href":"https:\/\/zs-belzyce.edu.pl\/index.php?rest_route=\/wp\/v2\/users\/1"}],"replies":[{"embeddable":true,"href":"https:\/\/zs-belzyce.edu.pl\/index.php?rest_route=%2Fwp%2Fv2%2Fcomments&post=2239"}],"version-history":[{"count":1,"href":"https:\/\/zs-belzyce.edu.pl\/index.php?rest_route=\/wp\/v2\/pages\/2239\/revisions"}],"predecessor-version":[{"id":2241,"href":"https:\/\/zs-belzyce.edu.pl\/index.php?rest_route=\/wp\/v2\/pages\/2239\/revisions\/2241"}],"wp:featuredmedia":[{"embeddable":true,"href":"https:\/\/zs-belzyce.edu.pl\/index.php?rest_route=\/wp\/v2\/media\/2240"}],"wp:attachment":[{"href":"https:\/\/zs-belzyce.edu.pl\/index.php?rest_route=%2Fwp%2Fv2%2Fmedia&parent=2239"}],"curies":[{"name":"wp","href":"https:\/\/api.w.org\/{rel}","templated":true}]}}