{"id":2355,"date":"2025-04-26T12:37:17","date_gmt":"2025-04-26T12:37:17","guid":{"rendered":"https:\/\/zs-belzyce.edu.pl\/?page_id=2355"},"modified":"2025-04-26T12:38:02","modified_gmt":"2025-04-26T12:38:02","slug":"projekt-pt-czas-zawodowcow","status":"publish","type":"page","link":"https:\/\/zs-belzyce.edu.pl\/?page_id=2355","title":{"rendered":"Projekt &#8222;Czas zawodowc\u00f3w&#8221;"},"content":{"rendered":"\n<figure class=\"wp-block-image size-large\"><img loading=\"lazy\" decoding=\"async\" width=\"1024\" height=\"98\" src=\"https:\/\/zs-belzyce.edu.pl\/wp-content\/uploads\/2025\/04\/Zrzut-ekranu-2025-04-26-143551-1024x98.png\" alt=\"\" class=\"wp-image-2353\" srcset=\"https:\/\/zs-belzyce.edu.pl\/wp-content\/uploads\/2025\/04\/Zrzut-ekranu-2025-04-26-143551-1024x98.png 1024w, https:\/\/zs-belzyce.edu.pl\/wp-content\/uploads\/2025\/04\/Zrzut-ekranu-2025-04-26-143551-300x29.png 300w, https:\/\/zs-belzyce.edu.pl\/wp-content\/uploads\/2025\/04\/Zrzut-ekranu-2025-04-26-143551-768x73.png 768w, https:\/\/zs-belzyce.edu.pl\/wp-content\/uploads\/2025\/04\/Zrzut-ekranu-2025-04-26-143551-1000x95.png 1000w, https:\/\/zs-belzyce.edu.pl\/wp-content\/uploads\/2025\/04\/Zrzut-ekranu-2025-04-26-143551-230x22.png 230w, https:\/\/zs-belzyce.edu.pl\/wp-content\/uploads\/2025\/04\/Zrzut-ekranu-2025-04-26-143551-350x33.png 350w, https:\/\/zs-belzyce.edu.pl\/wp-content\/uploads\/2025\/04\/Zrzut-ekranu-2025-04-26-143551-480x46.png 480w, https:\/\/zs-belzyce.edu.pl\/wp-content\/uploads\/2025\/04\/Zrzut-ekranu-2025-04-26-143551.png 1079w\" sizes=\"auto, (max-width: 1024px) 100vw, 1024px\" \/><\/figure>\n\n\n\n<p>Przedmiotem Projektu jest wdro\u017cenie programu edukacyjnego w 5 szko\u0142ach zawodowych powiatu lubelskiego uwzgl\u0119dniaj\u0105cego rozw\u00f3j umiej\u0119tno\u015bci uczni\u00f3w poprzez wsparcie potencja\u0142u dydaktycznego szk\u00f3\u0142 ,wsp\u00f3\u0142prac\u0119 szk\u00f3\u0142 i centr\u00f3w kszta\u0142cenia zawodowego<br>i ustawicznego z pracodawcami i uczelniami. Uruchomienie dodatkowych zaj\u0119\u0107 specjalistycznych umo\u017cliwiaj\u0105cych uczniom zdobywanie i uzupe\u0142nianie wiedzy oraz umiej\u0119tno\u015bci zawodowych. Wsparcie nauczycieli oraz instruktor\u00f3w praktycznej nauki zawodu w zakresie uzyskiwania uprawnie\u0144 i kwalifikacji.<\/p>\n\n\n\n<p>Zakres dzia\u0142a\u0144 obejmuje: doradztwo edukacyjno &#8211; zawodowe dla uczni\u00f3w w formie indywidualnych i grupowych zaj\u0119\u0107 oraz zaj\u0119\u0107 zawodoznawczych, kursy specjalistyczne<br>i kwalifikacyjne dla uczni\u00f3w, szkolenia dla nauczycieli, sta\u017ce zawodowe dla uczni\u00f3w oraz rozwini\u0119cie potencja\u0142u dydaktycznego szk\u00f3\u0142.<\/p>\n\n\n\n<p><strong>Celem g\u0142\u00f3wnym projektu<\/strong>&nbsp;jest zwi\u0119kszenie dost\u0119pu do wysokiej jako\u015bci kszta\u0142cenia i&nbsp;szkolenia oraz mo\u017cliwo\u015bci ich uko\u0144czenia w\u015br\u00f3d 500 uczni\u00f3w szk\u00f3\u0142 zawodowych, w&nbsp;szczeg\u00f3lno\u015bci uczni\u00f3w b\u0119d\u0105cych w niekorzystnej sytuacji oraz 42 nauczycieli poprzez&nbsp;realizacj\u0119 program\u00f3w rozwojowych i wzrost jako\u015bci kszta\u0142cenia w 5 szko\u0142ach zawodowych na&nbsp;terenie powiatu lubelskiego w okresie do dnia 30.06.2027 r.<\/p>\n\n\n\n<p>Projekt dofinasowany z:<\/p>\n\n\n\n<ul class=\"wp-block-list\">\n<li><strong>Fundusz<\/strong>: Europejski Fundusz Rozwoju Spo\u0142ecznego<\/li>\n\n\n\n<li><strong>Program<\/strong>: Fundusze Europejskie dla Lubelskiego 2021-2027 FELU.00.00<\/li>\n\n\n\n<li><strong>Priorytet<\/strong>: X Lepsza Edukacja<\/li>\n\n\n\n<li><strong>Dzia\u0142anie<\/strong>: 10.4 Kszta\u0142cenie zawodowe<\/li>\n\n\n\n<li><strong>Charakter Projektu<\/strong>: Wsparcie na rzecz szkolnictwa podstawowego i \u015bredniego (z wy\u0142\u0105czeniem infrastruktury)<\/li>\n<\/ul>\n\n\n\n<p><strong>Warto\u015b\u0107 Projektu: 4 766 867,30 z\u0142,<\/strong>&nbsp;dofinansowanie 4 290 180,57 z\u0142,<\/p>\n\n\n\n<p>wk\u0142ad w\u0142asny 476 686,73 z\u0142 \u2013 co stanowi 15 % ca\u0142kowitej warto\u015bci projektu.<\/p>\n\n\n\n<p><strong>Zadania, realizowane w ramach Projektu:<\/strong>&nbsp;<\/p>\n\n\n\n<ul class=\"wp-block-list\">\n<li>Doradztwo edukacyjno \u2013 zawodowe dla uczni\u00f3w szk\u00f3\u0142 zawodowych (forma zaj\u0119\u0107\u00a0grupowych, zaj\u0119\u0107 indywidualnych oraz zaj\u0119\u0107 zawodoznawczych u pracodawc\u00f3w\u00a0w wymiarze dostosowanym do potrzeb uczestnika).<\/li>\n\n\n\n<li>Szkolenia dla nauczycieli podnosz\u0105ce kwalifikacje\/kompetencje zawodowe.<\/li>\n\n\n\n<li>Szkolenia i kursy podnosz\u0105ce kwalifikacje\/kompetencje dla uczni\u00f3w.<\/li>\n\n\n\n<li>Sta\u017ce uczniowskie.<\/li>\n\n\n\n<li>Doposa\u017cenie bazy dydaktycznej &#8211; nowoczesne pracownie: informatyczne,\u00a0gastronomiczne, mechaniczno -samochodowe oraz pracownia mechanizacji\u00a0rolnictwa, pracownia fryzjerska oraz pracownia dla kierunku hodowli koni.<\/li>\n<\/ul>\n\n\n\n<p>#FunduszeUE # Fundusze Europejskie<\/p>\n","protected":false},"excerpt":{"rendered":"<p>Przedmiotem Projektu jest wdro\u017cenie programu edukacyjnego w 5 szko\u0142ach zawodowych powiatu lubelskiego uwzgl\u0119dniaj\u0105cego rozw\u00f3j umiej\u0119tno\u015bci uczni\u00f3w poprzez wsparcie potencja\u0142u dydaktycznego szk\u00f3\u0142 ,wsp\u00f3\u0142prac\u0119 [&hellip;]<\/p>\n","protected":false},"author":1,"featured_media":0,"parent":0,"menu_order":6,"comment_status":"closed","ping_status":"closed","template":"","meta":{"footnotes":""},"class_list":["post-2355","page","type-page","status-publish","hentry"],"_links":{"self":[{"href":"https:\/\/zs-belzyce.edu.pl\/index.php?rest_route=\/wp\/v2\/pages\/2355","targetHints":{"allow":["GET"]}}],"collection":[{"href":"https:\/\/zs-belzyce.edu.pl\/index.php?rest_route=\/wp\/v2\/pages"}],"about":[{"href":"https:\/\/zs-belzyce.edu.pl\/index.php?rest_route=\/wp\/v2\/types\/page"}],"author":[{"embeddable":true,"href":"https:\/\/zs-belzyce.edu.pl\/index.php?rest_route=\/wp\/v2\/users\/1"}],"replies":[{"embeddable":true,"href":"https:\/\/zs-belzyce.edu.pl\/index.php?rest_route=%2Fwp%2Fv2%2Fcomments&post=2355"}],"version-history":[{"count":2,"href":"https:\/\/zs-belzyce.edu.pl\/index.php?rest_route=\/wp\/v2\/pages\/2355\/revisions"}],"predecessor-version":[{"id":2358,"href":"https:\/\/zs-belzyce.edu.pl\/index.php?rest_route=\/wp\/v2\/pages\/2355\/revisions\/2358"}],"wp:attachment":[{"href":"https:\/\/zs-belzyce.edu.pl\/index.php?rest_route=%2Fwp%2Fv2%2Fmedia&parent=2355"}],"curies":[{"name":"wp","href":"https:\/\/api.w.org\/{rel}","templated":true}]}}