{"id":260,"date":"2022-11-28T23:13:28","date_gmt":"2022-11-28T23:13:28","guid":{"rendered":"https:\/\/test1.zs-belzyce.edu.pl\/?page_id=260"},"modified":"2025-04-14T07:49:47","modified_gmt":"2025-04-14T07:49:47","slug":"podstawa-prawna","status":"publish","type":"page","link":"https:\/\/zs-belzyce.edu.pl\/?page_id=260","title":{"rendered":"Rekrutacja 2025\/2026"},"content":{"rendered":"\t\t<div data-elementor-type=\"wp-page\" data-elementor-id=\"260\" class=\"elementor elementor-260\">\n\t\t\t\t\t\t\t\t\t<section class=\"elementor-section elementor-top-section elementor-element elementor-element-4d60035 elementor-section-boxed elementor-section-height-default elementor-section-height-default\" data-id=\"4d60035\" data-element_type=\"section\">\n\t\t\t\t\t\t<div class=\"elementor-container elementor-column-gap-default\">\n\t\t\t\t\t<div class=\"elementor-column elementor-col-100 elementor-top-column elementor-element elementor-element-84b23ac\" data-id=\"84b23ac\" data-element_type=\"column\">\n\t\t\t<div class=\"elementor-widget-wrap elementor-element-populated\">\n\t\t\t\t\t\t\t\t<div class=\"elementor-element elementor-element-ea65719 elementor-widget elementor-widget-heading\" data-id=\"ea65719\" data-element_type=\"widget\" data-widget_type=\"heading.default\">\n\t\t\t\t<div class=\"elementor-widget-container\">\n\t\t\t<style>\/*! elementor - v3.17.0 - 08-11-2023 *\/\n.elementor-heading-title{padding:0;margin:0;line-height:1}.elementor-widget-heading .elementor-heading-title[class*=elementor-size-]>a{color:inherit;font-size:inherit;line-height:inherit}.elementor-widget-heading .elementor-heading-title.elementor-size-small{font-size:15px}.elementor-widget-heading .elementor-heading-title.elementor-size-medium{font-size:19px}.elementor-widget-heading .elementor-heading-title.elementor-size-large{font-size:29px}.elementor-widget-heading .elementor-heading-title.elementor-size-xl{font-size:39px}.elementor-widget-heading .elementor-heading-title.elementor-size-xxl{font-size:59px}<\/style><h2 class=\"elementor-heading-title elementor-size-default\">Szczeg\u00f3\u0142owy Szkolny Regulamin Rekrutacji<\/h2>\t\t<\/div>\n\t\t\t\t<\/div>\n\t\t\t\t<div class=\"elementor-element elementor-element-0388ec7 elementor-widget elementor-widget-pdf_viewer\" data-id=\"0388ec7\" data-element_type=\"widget\" data-widget_type=\"pdf_viewer.default\">\n\t\t\t\t<div class=\"elementor-widget-container\">\n\t\t\t<iframe src=\"https:\/\/docs.google.com\/viewer?url=https:\/\/zs-belzyce.edu.pl\/wp-content\/uploads\/2025\/04\/SZKOLNY-REGULAMIN-REKRUTACJI.pdf&amp;embedded=true\" style=\"display: block; margin-left: auto; margin-right: auto; width: 640px; height: 1020px;\" frameborder=\"1\" marginheight=\"0px\" marginwidth=\"0px\" allowfullscreen><\/iframe>\t\t<\/div>\n\t\t\t\t<\/div>\n\t\t\t\t\t<\/div>\n\t\t<\/div>\n\t\t\t\t\t\t\t<\/div>\n\t\t<\/section>\n\t\t\t\t<section class=\"elementor-section elementor-top-section elementor-element elementor-element-9e44e5b elementor-section-boxed elementor-section-height-default elementor-section-height-default\" data-id=\"9e44e5b\" data-element_type=\"section\">\n\t\t\t\t\t\t<div class=\"elementor-container elementor-column-gap-default\">\n\t\t\t\t\t<div class=\"elementor-column elementor-col-50 elementor-top-column elementor-element elementor-element-edecb44\" data-id=\"edecb44\" data-element_type=\"column\">\n\t\t\t<div class=\"elementor-widget-wrap elementor-element-populated\">\n\t\t\t\t\t\t\t\t<div class=\"elementor-element elementor-element-246a146 elementor-widget elementor-widget-image\" data-id=\"246a146\" data-element_type=\"widget\" data-widget_type=\"image.default\">\n\t\t\t\t<div class=\"elementor-widget-container\">\n\t\t\t<style>\/*! elementor - v3.17.0 - 08-11-2023 *\/\n.elementor-widget-image{text-align:center}.elementor-widget-image a{display:inline-block}.elementor-widget-image a img[src$=\".svg\"]{width:48px}.elementor-widget-image img{vertical-align:middle;display:inline-block}<\/style>\t\t\t\t\t\t\t\t\t\t\t\t<img loading=\"lazy\" decoding=\"async\" width=\"724\" height=\"1024\" src=\"https:\/\/zs-belzyce.edu.pl\/wp-content\/uploads\/2025\/04\/harmonogram-dla-klasy-8_2526_00-724x1024.png\" class=\"attachment-large size-large wp-image-2332\" alt=\"\" srcset=\"https:\/\/zs-belzyce.edu.pl\/wp-content\/uploads\/2025\/04\/harmonogram-dla-klasy-8_2526_00-724x1024.png 724w, https:\/\/zs-belzyce.edu.pl\/wp-content\/uploads\/2025\/04\/harmonogram-dla-klasy-8_2526_00-212x300.png 212w, https:\/\/zs-belzyce.edu.pl\/wp-content\/uploads\/2025\/04\/harmonogram-dla-klasy-8_2526_00-768x1086.png 768w, https:\/\/zs-belzyce.edu.pl\/wp-content\/uploads\/2025\/04\/harmonogram-dla-klasy-8_2526_00-1086x1536.png 1086w, https:\/\/zs-belzyce.edu.pl\/wp-content\/uploads\/2025\/04\/harmonogram-dla-klasy-8_2526_00-1449x2048.png 1449w, https:\/\/zs-belzyce.edu.pl\/wp-content\/uploads\/2025\/04\/harmonogram-dla-klasy-8_2526_00-1000x1414.png 1000w, https:\/\/zs-belzyce.edu.pl\/wp-content\/uploads\/2025\/04\/harmonogram-dla-klasy-8_2526_00-230x325.png 230w, https:\/\/zs-belzyce.edu.pl\/wp-content\/uploads\/2025\/04\/harmonogram-dla-klasy-8_2526_00-350x495.png 350w, https:\/\/zs-belzyce.edu.pl\/wp-content\/uploads\/2025\/04\/harmonogram-dla-klasy-8_2526_00-480x679.png 480w, https:\/\/zs-belzyce.edu.pl\/wp-content\/uploads\/2025\/04\/harmonogram-dla-klasy-8_2526_00.png 1588w\" sizes=\"auto, (max-width: 724px) 100vw, 724px\" \/>\t\t\t\t\t\t\t\t\t\t\t\t\t\t\t<\/div>\n\t\t\t\t<\/div>\n\t\t\t\t\t<\/div>\n\t\t<\/div>\n\t\t\t\t<div class=\"elementor-column elementor-col-50 elementor-top-column elementor-element elementor-element-24dcdee\" data-id=\"24dcdee\" data-element_type=\"column\">\n\t\t\t<div class=\"elementor-widget-wrap elementor-element-populated\">\n\t\t\t\t\t\t\t\t<div class=\"elementor-element elementor-element-392f9dc elementor-widget elementor-widget-image\" data-id=\"392f9dc\" data-element_type=\"widget\" data-widget_type=\"image.default\">\n\t\t\t\t<div class=\"elementor-widget-container\">\n\t\t\t\t\t\t\t\t\t\t\t\t\t\t\t<img loading=\"lazy\" decoding=\"async\" width=\"730\" height=\"1024\" src=\"https:\/\/zs-belzyce.edu.pl\/wp-content\/uploads\/2025\/04\/plakat_druga_wersja_00-730x1024.png\" class=\"attachment-large size-large wp-image-2343\" alt=\"\" srcset=\"https:\/\/zs-belzyce.edu.pl\/wp-content\/uploads\/2025\/04\/plakat_druga_wersja_00-730x1024.png 730w, https:\/\/zs-belzyce.edu.pl\/wp-content\/uploads\/2025\/04\/plakat_druga_wersja_00-214x300.png 214w, https:\/\/zs-belzyce.edu.pl\/wp-content\/uploads\/2025\/04\/plakat_druga_wersja_00-768x1077.png 768w, https:\/\/zs-belzyce.edu.pl\/wp-content\/uploads\/2025\/04\/plakat_druga_wersja_00-1095x1536.png 1095w, https:\/\/zs-belzyce.edu.pl\/wp-content\/uploads\/2025\/04\/plakat_druga_wersja_00-1000x1403.png 1000w, https:\/\/zs-belzyce.edu.pl\/wp-content\/uploads\/2025\/04\/plakat_druga_wersja_00-230x323.png 230w, https:\/\/zs-belzyce.edu.pl\/wp-content\/uploads\/2025\/04\/plakat_druga_wersja_00-350x491.png 350w, https:\/\/zs-belzyce.edu.pl\/wp-content\/uploads\/2025\/04\/plakat_druga_wersja_00-480x673.png 480w, https:\/\/zs-belzyce.edu.pl\/wp-content\/uploads\/2025\/04\/plakat_druga_wersja_00.png 1164w\" sizes=\"auto, (max-width: 730px) 100vw, 730px\" \/>\t\t\t\t\t\t\t\t\t\t\t\t\t\t\t<\/div>\n\t\t\t\t<\/div>\n\t\t\t\t\t<\/div>\n\t\t<\/div>\n\t\t\t\t\t\t\t<\/div>\n\t\t<\/section>\n\t\t\t\t<section class=\"elementor-section elementor-top-section elementor-element elementor-element-a748153 elementor-section-boxed elementor-section-height-default elementor-section-height-default\" data-id=\"a748153\" data-element_type=\"section\">\n\t\t\t\t\t\t<div class=\"elementor-container elementor-column-gap-default\">\n\t\t\t\t\t<div class=\"elementor-column elementor-col-50 elementor-top-column elementor-element elementor-element-076180a\" data-id=\"076180a\" data-element_type=\"column\">\n\t\t\t<div class=\"elementor-widget-wrap elementor-element-populated\">\n\t\t\t\t\t\t\t\t<div class=\"elementor-element elementor-element-4a12900 elementor-widget elementor-widget-image\" data-id=\"4a12900\" data-element_type=\"widget\" data-widget_type=\"image.default\">\n\t\t\t\t<div class=\"elementor-widget-container\">\n\t\t\t\t\t\t\t\t\t\t\t\t\t\t\t<img loading=\"lazy\" decoding=\"async\" width=\"1024\" height=\"724\" src=\"https:\/\/zs-belzyce.edu.pl\/wp-content\/uploads\/2024\/04\/1-1024x724.png\" class=\"attachment-large size-large wp-image-1908\" alt=\"\" srcset=\"https:\/\/zs-belzyce.edu.pl\/wp-content\/uploads\/2024\/04\/1-1024x724.png 1024w, https:\/\/zs-belzyce.edu.pl\/wp-content\/uploads\/2024\/04\/1-300x212.png 300w, https:\/\/zs-belzyce.edu.pl\/wp-content\/uploads\/2024\/04\/1-768x543.png 768w, https:\/\/zs-belzyce.edu.pl\/wp-content\/uploads\/2024\/04\/1-1536x1086.png 1536w, https:\/\/zs-belzyce.edu.pl\/wp-content\/uploads\/2024\/04\/1.png 2000w\" sizes=\"auto, (max-width: 1024px) 100vw, 1024px\" \/>\t\t\t\t\t\t\t\t\t\t\t\t\t\t\t<\/div>\n\t\t\t\t<\/div>\n\t\t\t\t\t<\/div>\n\t\t<\/div>\n\t\t\t\t<div class=\"elementor-column elementor-col-50 elementor-top-column elementor-element elementor-element-31bd3c5\" data-id=\"31bd3c5\" data-element_type=\"column\">\n\t\t\t<div class=\"elementor-widget-wrap elementor-element-populated\">\n\t\t\t\t\t\t\t\t<div class=\"elementor-element elementor-element-d590399 elementor-widget elementor-widget-image\" data-id=\"d590399\" data-element_type=\"widget\" data-widget_type=\"image.default\">\n\t\t\t\t<div class=\"elementor-widget-container\">\n\t\t\t\t\t\t\t\t\t\t\t\t\t\t\t<img loading=\"lazy\" decoding=\"async\" width=\"1024\" height=\"724\" src=\"https:\/\/zs-belzyce.edu.pl\/wp-content\/uploads\/2024\/04\/2-1024x724.png\" class=\"attachment-large size-large wp-image-1909\" alt=\"\" srcset=\"https:\/\/zs-belzyce.edu.pl\/wp-content\/uploads\/2024\/04\/2-1024x724.png 1024w, https:\/\/zs-belzyce.edu.pl\/wp-content\/uploads\/2024\/04\/2-300x212.png 300w, https:\/\/zs-belzyce.edu.pl\/wp-content\/uploads\/2024\/04\/2-768x543.png 768w, https:\/\/zs-belzyce.edu.pl\/wp-content\/uploads\/2024\/04\/2-1536x1086.png 1536w, https:\/\/zs-belzyce.edu.pl\/wp-content\/uploads\/2024\/04\/2.png 2000w\" sizes=\"auto, (max-width: 1024px) 100vw, 1024px\" \/>\t\t\t\t\t\t\t\t\t\t\t\t\t\t\t<\/div>\n\t\t\t\t<\/div>\n\t\t\t\t\t<\/div>\n\t\t<\/div>\n\t\t\t\t\t\t\t<\/div>\n\t\t<\/section>\n\t\t\t\t<section class=\"elementor-section elementor-top-section elementor-element elementor-element-885bda7 elementor-section-boxed elementor-section-height-default elementor-section-height-default\" data-id=\"885bda7\" data-element_type=\"section\">\n\t\t\t\t\t\t<div class=\"elementor-container elementor-column-gap-default\">\n\t\t\t\t\t<div class=\"elementor-column elementor-col-100 elementor-top-column elementor-element elementor-element-cf75dd8\" data-id=\"cf75dd8\" data-element_type=\"column\">\n\t\t\t<div class=\"elementor-widget-wrap elementor-element-populated\">\n\t\t\t\t\t\t\t\t<div class=\"elementor-element elementor-element-f94c499 elementor-widget elementor-widget-heading\" data-id=\"f94c499\" data-element_type=\"widget\" data-widget_type=\"heading.default\">\n\t\t\t\t<div class=\"elementor-widget-container\">\n\t\t\t<h2 class=\"elementor-heading-title elementor-size-default\"><a href=\"https:\/\/www.kuratorium.lublin.pl\/informator.php\">Wa\u017cne informacje\n<br><h1 style=\"margin: 20px 0px; font-size: 36px; font-family: &quot;Helvetica Neue&quot;, Helvetica, Arial, sans-serif; line-height: 1.1; color: rgb(66, 139, 202); min-height: 20px; padding: 19px; background-color: rgb(245, 245, 245); border: 1px solid rgb(227, 227, 227); border-radius: 4px; box-shadow: rgba(0, 0, 0, 0.05) 0px 1px 1px inset; white-space: normal;\">Informator o szko\u0142ach ponadpodstawowych wojew\u00f3dztwa lubelskiego na rok szkolny 2025\/2026<\/h1><\/a><\/h2>\t\t<\/div>\n\t\t\t\t<\/div>\n\t\t\t\t\t<\/div>\n\t\t<\/div>\n\t\t\t\t\t\t\t<\/div>\n\t\t<\/section>\n\t\t\t\t<section class=\"elementor-section elementor-top-section elementor-element elementor-element-727efbab elementor-section-boxed elementor-section-height-default elementor-section-height-default\" data-id=\"727efbab\" data-element_type=\"section\">\n\t\t\t\t\t\t<div class=\"elementor-container elementor-column-gap-default\">\n\t\t\t\t\t<div class=\"elementor-column elementor-col-100 elementor-top-column elementor-element elementor-element-494ff9a9\" data-id=\"494ff9a9\" data-element_type=\"column\">\n\t\t\t<div class=\"elementor-widget-wrap elementor-element-populated\">\n\t\t\t\t\t\t\t\t<div class=\"elementor-element elementor-element-4029433e elementor-widget elementor-widget-text-editor\" data-id=\"4029433e\" data-element_type=\"widget\" data-widget_type=\"text-editor.default\">\n\t\t\t\t<div class=\"elementor-widget-container\">\n\t\t\t<style>\/*! elementor - v3.17.0 - 08-11-2023 *\/\n.elementor-widget-text-editor.elementor-drop-cap-view-stacked .elementor-drop-cap{background-color:#69727d;color:#fff}.elementor-widget-text-editor.elementor-drop-cap-view-framed .elementor-drop-cap{color:#69727d;border:3px solid;background-color:transparent}.elementor-widget-text-editor:not(.elementor-drop-cap-view-default) .elementor-drop-cap{margin-top:8px}.elementor-widget-text-editor:not(.elementor-drop-cap-view-default) .elementor-drop-cap-letter{width:1em;height:1em}.elementor-widget-text-editor .elementor-drop-cap{float:left;text-align:center;line-height:1;font-size:50px}.elementor-widget-text-editor .elementor-drop-cap-letter{display:inline-block}<\/style>\t\t\t\t<p>\u00a0<\/p>\n<center><!-- \/wp:html -->\n<p>\u00a0<\/p>\n<p><!-- wp:paragraph {\"fontSize\":\"medium\"} --><\/p>\n<p>\u00a0<\/p>\n<p><!-- \/wp:paragraph --><\/p>\n<p><!-- wp:paragraph {\"style\":{\"typography\":{\"fontSize\":\"28px\"}}} --><\/p>\n<p style=\"font-size: 28px;\">Terminy post\u0119powania rekrutacyjnego i post\u0119powania uzupe\u0142niaj\u0105cego na rok szkolny 2025\/2026<\/p>\n<p><!-- \/wp:paragraph --><\/p>\n<p><!-- wp:paragraph --><\/p>\n<ol>\n<li><a href=\"https:\/\/drive.google.com\/file\/d\/1UQRehk8Mnw8RsnHckGl5yujGKMFFuNqb\/view?usp=sharing\"> Zarz\u0105dzenie Nr 10 Lubelskiego Kuratora O\u015bwiaty z dnia 28 stycznia 2025 roku<\/a>\u00a0<\/li>\n<\/ol>\n<p><!-- \/wp:paragraph --><\/p>\n<p><!-- wp:paragraph --><\/p>\n<p>2. <a href=\"https:\/\/drive.google.com\/file\/d\/1lm_V0pLLPAdUoPxWx1oEW5VpqHgA3g32\/view?usp=sharing\">Terminy post\u0119powania rekrutacyjnego oraz post\u0119powania uzupe\u0142niaj\u0105cego, w tym terminy sk\u0142adania dokument\u00f3w na rok szkolny 2025\/2026 do klas pierwszych publicznych szk\u00f3\u0142 ponadpodstawowych: czteroletniego liceum og\u00f3lnokszta\u0142c\u0105cego, pi\u0119cioletniego technikum, trzyletniej bran\u017cowej szko\u0142y I stopnia i klas wst\u0119pnych w szko\u0142ach ponadpodstawowych.<\/a><\/p>\n<p>3. <a href=\"https:\/\/drive.google.com\/file\/d\/1nHVQmSnNXeb1ahDK9xsEndcIbP_4xAaK\/view?usp=sharing\" data-type=\"URL\" data-id=\"https:\/\/drive.google.com\/file\/d\/1NnvbQl2Ui82AB8IOZ_luKa2_FMvxnjIr\/view\">Terminy post\u0119powania rekrutacyjnego oraz post\u0119powania uzupe\u0142niaj\u0105cego, w tym terminy sk\u0142adania dokument\u00f3w na rok szkolny 2025\/2026 do publicznych szk\u00f3\u0142 podstawowych dla doros\u0142ych oraz na semestr pierwszy klas I publicznych lice\u00f3w og\u00f3lnokszta\u0142c\u0105cych dla doros\u0142ych.<\/a><\/p>\n<p>4. <a href=\"https:\/\/drive.google.com\/file\/d\/1RwAkNsdpJWd7aHaj2Ivh21T-hPJD5Wbw\/view?usp=sharing\" data-type=\"URL\" data-id=\"https:\/\/drive.google.com\/file\/d\/18G3fjwy04jy0qqoxGgkTfAym7ypupSfR\/view\">Terminy post\u0119powania rekrutacyjnego oraz post\u0119powania uzupe\u0142niaj\u0105cego, w tym terminy sk\u0142adania dokument\u00f3w na rok szkolny 2025\/2026 na semestr pierwszy klas pierwszych publicznych bran\u017cowych szk\u00f3\u0142 II stopnia oraz publicznych szk\u00f3\u0142 policealnych.<\/a><\/p>\n<p>5.\u00a0<a href=\"https:\/\/drive.google.com\/file\/d\/1GO_fejtVQmxWpdHgdgleogE5WN_uZNhn\/view?usp=sharing\">ROZPORZ\u0104DZENIE\u00a0<span style=\"font-size: 1rem;\">MINISTRA EDUKACJI I NAUKI 1\u00a0<\/span><span style=\"font-size: 1rem;\">z dnia 18 listopada 2022 r.\u00a0<\/span><span style=\"font-size: 1rem;\">w sprawie przeprowadzania post\u0119powania rekrutacyjnego oraz post\u0119powania\u00a0<\/span><span style=\"font-size: 1rem;\">uzupe\u0142niaj\u0105cego do publicznych przedszkoli, szk\u00f3\u0142, plac\u00f3wek i centr\u00f3w<\/span><\/a><\/p>\n<p><!-- \/wp:paragraph --><\/p>\n<p>6. <a href=\"https:\/\/drive.google.com\/file\/d\/10GfIMxWzfrzL4On0rQy78Gjxf9zhxWYu\/view?usp=sharing\">Rozporz\u0105dzenie Ministra Edukacji z dnia 31 stycznia 2024 r. zmieniaj\u0105ce rozporz\u0105dzenie w sprawie<\/a><br \/><a href=\"https:\/\/drive.google.com\/file\/d\/10GfIMxWzfrzL4On0rQy78Gjxf9zhxWYu\/view?usp=sharing\">przeprowadzania post\u0119powania rekrutacyjnego oraz post\u0119powania uzupe\u0142niaj\u0105cego do publicznych<\/a><br \/><a href=\"https:\/\/drive.google.com\/file\/d\/10GfIMxWzfrzL4On0rQy78Gjxf9zhxWYu\/view?usp=sharing\">przedszkoli, szk\u00f3\u0142, plac\u00f3wek i centr\u00f3w<\/a><\/p>\n<\/center>\n<p>\u00a0<\/p>\t\t\t\t\t\t<\/div>\n\t\t\t\t<\/div>\n\t\t\t\t\t<\/div>\n\t\t<\/div>\n\t\t\t\t\t\t\t<\/div>\n\t\t<\/section>\n\t\t\t\t\t\t\t<\/div>\n\t\t","protected":false},"excerpt":{"rendered":"<p>Szczeg\u00f3\u0142owy Szkolny Regulamin Rekrutacji Wa\u017cne informacje Informator o szko\u0142ach ponadpodstawowych wojew\u00f3dztwa lubelskiego na rok szkolny 2025\/2026 \u00a0 \u00a0 \u00a0 Terminy post\u0119powania rekrutacyjnego [&hellip;]<\/p>\n","protected":false},"author":1,"featured_media":0,"parent":0,"menu_order":69,"comment_status":"closed","ping_status":"closed","template":"","meta":{"footnotes":""},"class_list":["post-260","page","type-page","status-publish","hentry"],"_links":{"self":[{"href":"https:\/\/zs-belzyce.edu.pl\/index.php?rest_route=\/wp\/v2\/pages\/260","targetHints":{"allow":["GET"]}}],"collection":[{"href":"https:\/\/zs-belzyce.edu.pl\/index.php?rest_route=\/wp\/v2\/pages"}],"about":[{"href":"https:\/\/zs-belzyce.edu.pl\/index.php?rest_route=\/wp\/v2\/types\/page"}],"author":[{"embeddable":true,"href":"https:\/\/zs-belzyce.edu.pl\/index.php?rest_route=\/wp\/v2\/users\/1"}],"replies":[{"embeddable":true,"href":"https:\/\/zs-belzyce.edu.pl\/index.php?rest_route=%2Fwp%2Fv2%2Fcomments&post=260"}],"version-history":[{"count":51,"href":"https:\/\/zs-belzyce.edu.pl\/index.php?rest_route=\/wp\/v2\/pages\/260\/revisions"}],"predecessor-version":[{"id":2346,"href":"https:\/\/zs-belzyce.edu.pl\/index.php?rest_route=\/wp\/v2\/pages\/260\/revisions\/2346"}],"wp:attachment":[{"href":"https:\/\/zs-belzyce.edu.pl\/index.php?rest_route=%2Fwp%2Fv2%2Fmedia&parent=260"}],"curies":[{"name":"wp","href":"https:\/\/api.w.org\/{rel}","templated":true}]}}