{"id":264,"date":"2022-11-28T23:13:28","date_gmt":"2022-11-28T23:13:28","guid":{"rendered":"https:\/\/test1.zs-belzyce.edu.pl\/?page_id=264"},"modified":"2025-08-29T08:00:34","modified_gmt":"2025-08-29T08:00:34","slug":"druki-szkolne","status":"publish","type":"page","link":"https:\/\/zs-belzyce.edu.pl\/?page_id=264","title":{"rendered":"Druki szkolne"},"content":{"rendered":"<p><a href=\"https:\/\/docs.google.com\/document\/d\/1U2jKl3_qkalbr1nojFFk9uvcW4o2mT3j\/edit?usp=share_link&amp;ouid=117965855946921972467&amp;rtpof=true&amp;sd=true\">Podanie do Dyrektora Szko\u0142y<\/a><\/p>\n<p><a href=\"https:\/\/docs.google.com\/document\/d\/1zMNGj22blXH4EcnykRl1OsaVs0IThNkF\/edit?usp=sharing&amp;ouid=117965855946921972467&amp;rtpof=true&amp;sd=true\">Podanie o przyj\u0119cie na zawodowy kurs kwalifikacyjny<\/a><\/p>\n<p><a href=\"https:\/\/docs.google.com\/document\/d\/1B1pvfDaN4tbLLHvx9sVp5d0mrMPDFL6K\/edit?usp=share_link&amp;ouid=117965855946921972467&amp;rtpof=true&amp;sd=true\">Wniosek rodzica o zwolnienie z wychowania fizycznego<\/a><\/p>\n<p><a href=\"https:\/\/docs.google.com\/document\/d\/12SYDaetaxie9JfTZt3TNn4NdDDF8mB24\/edit?usp=share_link&amp;ouid=117965855946921972467&amp;rtpof=true&amp;sd=true\">Wniosek o wydanie duplikatu \u015bwiadectwa<\/a><\/p>\n<p><a href=\"https:\/\/docs.google.com\/document\/d\/1RBE4slkJGoGK8pgXiCZzf_fuTES6HWap\/edit?usp=share_link&amp;ouid=117965855946921972467&amp;rtpof=true&amp;sd=true\">Wniosek o wydanie duplikatu legitymacji szkolnej\u00a0<\/a><\/p>\n<p><a href=\"https:\/\/docs.google.com\/document\/d\/1R5UUncVjgWALDj_TFEGB69ofs5otiTuB\/edit?usp=share_link&amp;ouid=117965855946921972467&amp;rtpof=true&amp;sd=true\">Rezygnacja z ucz\u0119szczania na lekcj\u0119 religii(ucze\u0144 pe\u0142noletni)<\/a><\/p>\n<p><a href=\"https:\/\/drive.google.com\/file\/d\/1UXRv7qahYCkFFo080HfAZ5SohjpcpIWm\/view?usp=share_link\">Rezygnacja z ucz\u0119szczania na lekcj\u0119 religii(ucze\u0144 niepe\u0142noletni)<\/a><\/p>\n<p><a href=\"https:\/\/docs.google.com\/document\/d\/1zmZAgxoloUoTnZsHdXsSVuFqf0OH2mS2\/edit?usp=share_link&amp;ouid=117965855946921972467&amp;rtpof=true&amp;sd=true\">Rezygnacja z uczestnictwa w lekcjach &#8222;WD\u017b&#8221;(ucze\u0144 pe\u0142noletni)<\/a><\/p>\n<p><a href=\"https:\/\/docs.google.com\/document\/d\/1NwnPZ6mbT4SVJab2XYcxzkwkI1ChOKIb\/edit?usp=share_link&amp;ouid=117965855946921972467&amp;rtpof=true&amp;sd=true\">Rezygnacja z uczestnictwa w lekcjach &#8222;WD\u017b&#8221;(ucze\u0144 niepe\u0142noletni)<\/a><\/p>\n","protected":false},"excerpt":{"rendered":"<p>Podanie do Dyrektora Szko\u0142y Podanie o przyj\u0119cie na zawodowy kurs kwalifikacyjny Wniosek rodzica o zwolnienie z wychowania fizycznego Wniosek o wydanie duplikatu [&hellip;]<\/p>\n","protected":false},"author":1,"featured_media":0,"parent":0,"menu_order":39,"comment_status":"closed","ping_status":"closed","template":"","meta":{"footnotes":""},"class_list":["post-264","page","type-page","status-publish","hentry"],"_links":{"self":[{"href":"https:\/\/zs-belzyce.edu.pl\/index.php?rest_route=\/wp\/v2\/pages\/264","targetHints":{"allow":["GET"]}}],"collection":[{"href":"https:\/\/zs-belzyce.edu.pl\/index.php?rest_route=\/wp\/v2\/pages"}],"about":[{"href":"https:\/\/zs-belzyce.edu.pl\/index.php?rest_route=\/wp\/v2\/types\/page"}],"author":[{"embeddable":true,"href":"https:\/\/zs-belzyce.edu.pl\/index.php?rest_route=\/wp\/v2\/users\/1"}],"replies":[{"embeddable":true,"href":"https:\/\/zs-belzyce.edu.pl\/index.php?rest_route=%2Fwp%2Fv2%2Fcomments&post=264"}],"version-history":[{"count":17,"href":"https:\/\/zs-belzyce.edu.pl\/index.php?rest_route=\/wp\/v2\/pages\/264\/revisions"}],"predecessor-version":[{"id":2526,"href":"https:\/\/zs-belzyce.edu.pl\/index.php?rest_route=\/wp\/v2\/pages\/264\/revisions\/2526"}],"wp:attachment":[{"href":"https:\/\/zs-belzyce.edu.pl\/index.php?rest_route=%2Fwp%2Fv2%2Fmedia&parent=264"}],"curies":[{"name":"wp","href":"https:\/\/api.w.org\/{rel}","templated":true}]}}