{"id":274,"date":"2022-11-28T23:13:28","date_gmt":"2022-11-28T23:13:28","guid":{"rendered":"https:\/\/test1.zs-belzyce.edu.pl\/?page_id=274"},"modified":"2023-01-16T22:48:36","modified_gmt":"2023-01-16T22:48:36","slug":"podstawowa-stacja-kontroli-pojazdow","status":"publish","type":"page","link":"https:\/\/zs-belzyce.edu.pl\/?page_id=274","title":{"rendered":"Podstawowa Stacja Kontroli Pojazd\u00f3w"},"content":{"rendered":"\t\t<div data-elementor-type=\"wp-page\" data-elementor-id=\"274\" class=\"elementor elementor-274\">\n\t\t\t\t\t\t\t\t\t<section class=\"elementor-section elementor-top-section elementor-element elementor-element-5312a34 elementor-section-boxed elementor-section-height-default elementor-section-height-default\" data-id=\"5312a34\" data-element_type=\"section\">\n\t\t\t\t\t\t<div class=\"elementor-container elementor-column-gap-default\">\n\t\t\t\t\t<div class=\"elementor-column elementor-col-100 elementor-top-column elementor-element elementor-element-a842de2\" data-id=\"a842de2\" data-element_type=\"column\">\n\t\t\t<div class=\"elementor-widget-wrap elementor-element-populated\">\n\t\t\t\t\t\t\t\t<div class=\"elementor-element elementor-element-c8a6fa0 elementor-widget elementor-widget-text-editor\" data-id=\"c8a6fa0\" data-element_type=\"widget\" data-widget_type=\"text-editor.default\">\n\t\t\t\t<div class=\"elementor-widget-container\">\n\t\t\t<style>\/*! elementor - v3.17.0 - 08-11-2023 *\/\n.elementor-widget-text-editor.elementor-drop-cap-view-stacked .elementor-drop-cap{background-color:#69727d;color:#fff}.elementor-widget-text-editor.elementor-drop-cap-view-framed .elementor-drop-cap{color:#69727d;border:3px solid;background-color:transparent}.elementor-widget-text-editor:not(.elementor-drop-cap-view-default) .elementor-drop-cap{margin-top:8px}.elementor-widget-text-editor:not(.elementor-drop-cap-view-default) .elementor-drop-cap-letter{width:1em;height:1em}.elementor-widget-text-editor .elementor-drop-cap{float:left;text-align:center;line-height:1;font-size:50px}.elementor-widget-text-editor .elementor-drop-cap-letter{display:inline-block}<\/style>\t\t\t\t<p><\/p><center>Podstawowa Stacja Kontroli Pojazd\u00f3w<br><p><\/p>\n<p>Ul. Wilczy\u0144skiego 98, 24 \u2013 200 Be\u0142\u017cyce<br><br><\/p>\n<p>Godziny pracy:<br><\/p>\n<p>Poniedzia\u0142ek \u2013 pi\u0105tek <b>8.00 <\/b>\u2013 <b>16.00<\/b><br><\/p>\n<p>Sobota, niedziela \u2013 nieczynne<br><br>Kontakt: tel. <i>81 517 23 71<\/i><br><\/p><\/center><p><\/p>\t\t\t\t\t\t<\/div>\n\t\t\t\t<\/div>\n\t\t\t\t<div class=\"elementor-element elementor-element-1e2b15c elementor-widget elementor-widget-google_maps\" data-id=\"1e2b15c\" data-element_type=\"widget\" data-widget_type=\"google_maps.default\">\n\t\t\t\t<div class=\"elementor-widget-container\">\n\t\t\t<style>\/*! elementor - v3.17.0 - 08-11-2023 *\/\n.elementor-widget-google_maps .elementor-widget-container{overflow:hidden}.elementor-widget-google_maps .elementor-custom-embed{line-height:0}.elementor-widget-google_maps iframe{height:300px}<\/style>\t\t<div class=\"elementor-custom-embed\">\n\t\t\t<iframe loading=\"lazy\"\n\t\t\t\t\tsrc=\"https:\/\/maps.google.com\/maps?q=Ul.%20Wilczy%C5%84skiego%2098%2C%2024%20%E2%80%93%20200%20Be%C5%82%C5%BCyce&#038;t=m&#038;z=16&#038;output=embed&#038;iwloc=near\"\n\t\t\t\t\ttitle=\"Ul. Wilczy\u0144skiego 98, 24 \u2013 200 Be\u0142\u017cyce\"\n\t\t\t\t\taria-label=\"Ul. Wilczy\u0144skiego 98, 24 \u2013 200 Be\u0142\u017cyce\"\n\t\t\t><\/iframe>\n\t\t<\/div>\n\t\t\t\t<\/div>\n\t\t\t\t<\/div>\n\t\t\t\t\t<\/div>\n\t\t<\/div>\n\t\t\t\t\t\t\t<\/div>\n\t\t<\/section>\n\t\t\t\t\t\t\t<\/div>\n\t\t","protected":false},"excerpt":{"rendered":"<p>Podstawowa Stacja Kontroli Pojazd\u00f3w Ul. Wilczy\u0144skiego 98, 24 \u2013 200 Be\u0142\u017cyce Godziny pracy: Poniedzia\u0142ek \u2013 pi\u0105tek 8.00 \u2013 16.00 Sobota, niedziela \u2013 [&hellip;]<\/p>\n","protected":false},"author":1,"featured_media":0,"parent":0,"menu_order":57,"comment_status":"closed","ping_status":"closed","template":"","meta":{"footnotes":""},"class_list":["post-274","page","type-page","status-publish","hentry"],"_links":{"self":[{"href":"https:\/\/zs-belzyce.edu.pl\/index.php?rest_route=\/wp\/v2\/pages\/274","targetHints":{"allow":["GET"]}}],"collection":[{"href":"https:\/\/zs-belzyce.edu.pl\/index.php?rest_route=\/wp\/v2\/pages"}],"about":[{"href":"https:\/\/zs-belzyce.edu.pl\/index.php?rest_route=\/wp\/v2\/types\/page"}],"author":[{"embeddable":true,"href":"https:\/\/zs-belzyce.edu.pl\/index.php?rest_route=\/wp\/v2\/users\/1"}],"replies":[{"embeddable":true,"href":"https:\/\/zs-belzyce.edu.pl\/index.php?rest_route=%2Fwp%2Fv2%2Fcomments&post=274"}],"version-history":[{"count":10,"href":"https:\/\/zs-belzyce.edu.pl\/index.php?rest_route=\/wp\/v2\/pages\/274\/revisions"}],"predecessor-version":[{"id":512,"href":"https:\/\/zs-belzyce.edu.pl\/index.php?rest_route=\/wp\/v2\/pages\/274\/revisions\/512"}],"wp:attachment":[{"href":"https:\/\/zs-belzyce.edu.pl\/index.php?rest_route=%2Fwp%2Fv2%2Fmedia&parent=274"}],"curies":[{"name":"wp","href":"https:\/\/api.w.org\/{rel}","templated":true}]}}