{"id":413,"date":"2023-01-05T10:10:47","date_gmt":"2023-01-05T10:10:47","guid":{"rendered":"https:\/\/test1.zs-belzyce.edu.pl\/?page_id=413"},"modified":"2023-09-20T09:37:27","modified_gmt":"2023-09-20T09:37:27","slug":"elementor-413","status":"publish","type":"page","link":"https:\/\/zs-belzyce.edu.pl\/?page_id=413","title":{"rendered":""},"content":{"rendered":"\t\t<div data-elementor-type=\"wp-page\" data-elementor-id=\"413\" class=\"elementor elementor-413\">\n\t\t\t\t\t\t\t\t\t<section class=\"elementor-section elementor-top-section elementor-element elementor-element-9549e41 elementor-section-boxed elementor-section-height-default elementor-section-height-default\" data-id=\"9549e41\" data-element_type=\"section\">\n\t\t\t\t\t\t<div class=\"elementor-container elementor-column-gap-default\">\n\t\t\t\t\t<div class=\"elementor-column elementor-col-100 elementor-top-column elementor-element elementor-element-b093310\" data-id=\"b093310\" data-element_type=\"column\">\n\t\t\t<div class=\"elementor-widget-wrap elementor-element-populated\">\n\t\t\t\t\t\t\t\t<div class=\"elementor-element elementor-element-d6e6df5 elementor-widget elementor-widget-heading\" data-id=\"d6e6df5\" data-element_type=\"widget\" data-widget_type=\"heading.default\">\n\t\t\t\t<div class=\"elementor-widget-container\">\n\t\t\t<style>\/*! elementor - v3.17.0 - 08-11-2023 *\/\n.elementor-heading-title{padding:0;margin:0;line-height:1}.elementor-widget-heading .elementor-heading-title[class*=elementor-size-]>a{color:inherit;font-size:inherit;line-height:inherit}.elementor-widget-heading .elementor-heading-title.elementor-size-small{font-size:15px}.elementor-widget-heading .elementor-heading-title.elementor-size-medium{font-size:19px}.elementor-widget-heading .elementor-heading-title.elementor-size-large{font-size:29px}.elementor-widget-heading .elementor-heading-title.elementor-size-xl{font-size:39px}.elementor-widget-heading .elementor-heading-title.elementor-size-xxl{font-size:59px}<\/style><h1 class=\"elementor-heading-title elementor-size-xl\">Jubileusz 70-lecia \"Kopernika\" - 21 pa\u017adziernika 2023 r. <\/h1>\t\t<\/div>\n\t\t\t\t<\/div>\n\t\t\t\t<div class=\"elementor-element elementor-element-2954bf2 elementor-widget elementor-widget-image\" data-id=\"2954bf2\" data-element_type=\"widget\" data-widget_type=\"image.default\">\n\t\t\t\t<div class=\"elementor-widget-container\">\n\t\t\t<style>\/*! elementor - v3.17.0 - 08-11-2023 *\/\n.elementor-widget-image{text-align:center}.elementor-widget-image a{display:inline-block}.elementor-widget-image a img[src$=\".svg\"]{width:48px}.elementor-widget-image img{vertical-align:middle;display:inline-block}<\/style>\t\t\t\t\t\t\t\t\t\t\t\t<img loading=\"lazy\" decoding=\"async\" width=\"1024\" height=\"1024\" src=\"https:\/\/zs-belzyce.edu.pl\/wp-content\/uploads\/2023\/09\/70-lecie-fb-1024x1024.jpg\" class=\"attachment-large size-large wp-image-1361\" alt=\"\" srcset=\"https:\/\/zs-belzyce.edu.pl\/wp-content\/uploads\/2023\/09\/70-lecie-fb-1024x1024.jpg 1024w, https:\/\/zs-belzyce.edu.pl\/wp-content\/uploads\/2023\/09\/70-lecie-fb-300x300.jpg 300w, https:\/\/zs-belzyce.edu.pl\/wp-content\/uploads\/2023\/09\/70-lecie-fb-150x150.jpg 150w, https:\/\/zs-belzyce.edu.pl\/wp-content\/uploads\/2023\/09\/70-lecie-fb-768x768.jpg 768w, https:\/\/zs-belzyce.edu.pl\/wp-content\/uploads\/2023\/09\/70-lecie-fb-1536x1536.jpg 1536w, https:\/\/zs-belzyce.edu.pl\/wp-content\/uploads\/2023\/09\/70-lecie-fb.jpg 1654w\" sizes=\"auto, (max-width: 1024px) 100vw, 1024px\" \/>\t\t\t\t\t\t\t\t\t\t\t\t\t\t\t<\/div>\n\t\t\t\t<\/div>\n\t\t\t\t<div class=\"elementor-element elementor-element-fef9fc1 elementor-widget elementor-widget-text-editor\" data-id=\"fef9fc1\" data-element_type=\"widget\" data-widget_type=\"text-editor.default\">\n\t\t\t\t<div class=\"elementor-widget-container\">\n\t\t\t<style>\/*! elementor - v3.17.0 - 08-11-2023 *\/\n.elementor-widget-text-editor.elementor-drop-cap-view-stacked .elementor-drop-cap{background-color:#69727d;color:#fff}.elementor-widget-text-editor.elementor-drop-cap-view-framed .elementor-drop-cap{color:#69727d;border:3px solid;background-color:transparent}.elementor-widget-text-editor:not(.elementor-drop-cap-view-default) .elementor-drop-cap{margin-top:8px}.elementor-widget-text-editor:not(.elementor-drop-cap-view-default) .elementor-drop-cap-letter{width:1em;height:1em}.elementor-widget-text-editor .elementor-drop-cap{float:left;text-align:center;line-height:1;font-size:50px}.elementor-widget-text-editor .elementor-drop-cap-letter{display:inline-block}<\/style>\t\t\t\t<p><strong><b>Jubileusz \u201eKopernika\u201d<\/b><\/strong><\/p><p><strong><b>\u00a0<\/b><\/strong><span style=\"font-size: 1rem;\">Rok 2023 to w \u201eKoperniku\u201d rok 70 \u2013 lecia szko\u0142y. <br \/>Uroczyste obchody\u00a0zaplanowali\u015bmy na 21 pa\u017adziernika 2023 r.<br \/><\/span><span style=\"font-size: 1rem;\">Liczymy na to, \u017ce Absolwenci wezm\u0105 udzia\u0142 w tym wydarzeniu!<br \/><\/span><span style=\"font-size: 1rem;\">Od 1953 roku jest to ogromna rzesza ludzi, kt\u00f3rzy sp\u0119dzili\u00a0w\u00a0murach szko\u0142y kilka lat swojej m\u0142odo\u015bci.<br \/><\/span><span style=\"font-size: 1rem;\">Udost\u0119pniamy link, na kt\u00f3rym mog\u0105 Pa\u0144stwo deklarowa\u0107 swoje uczestnictwo w Jubileuszu.<br \/><\/span><span style=\"font-size: 1rem;\">Szczeg\u00f3\u0142owe informacje b\u0119dziemy podawa\u0107 na stronie szko\u0142y w zak\u0142adce \u201eKopernik\u201d \u2013 70 lat\u201d.<br \/><\/span><span style=\"font-size: 1rem;\">Pozdrawiamy serdecznie wszystkie roczniki Absolwent\u00f3w\u00a0i\u00a0zapraszamy do szko\u0142y!<\/span><\/p><p>\u00a0<\/p><p>Anna Matysek<br \/><span style=\"font-size: 1rem;\">Dyrektor ZS<\/span><\/p>\t\t\t\t\t\t<\/div>\n\t\t\t\t<\/div>\n\t\t\t\t<div class=\"elementor-element elementor-element-abd471d elementor-widget elementor-widget-image\" data-id=\"abd471d\" data-element_type=\"widget\" data-widget_type=\"image.default\">\n\t\t\t\t<div class=\"elementor-widget-container\">\n\t\t\t\t\t\t\t\t\t\t\t\t\t\t\t<img loading=\"lazy\" decoding=\"async\" width=\"768\" height=\"1138\" src=\"https:\/\/zs-belzyce.edu.pl\/wp-content\/uploads\/2023\/01\/Vintage-Gold-Black-Anniversary-Instagram-Post-1080\u00d71600-px-768x1138.png\" class=\"attachment-medium_large size-medium_large wp-image-455\" alt=\"\" srcset=\"https:\/\/zs-belzyce.edu.pl\/wp-content\/uploads\/2023\/01\/Vintage-Gold-Black-Anniversary-Instagram-Post-1080\u00d71600-px-768x1138.png 768w, https:\/\/zs-belzyce.edu.pl\/wp-content\/uploads\/2023\/01\/Vintage-Gold-Black-Anniversary-Instagram-Post-1080\u00d71600-px-203x300.png 203w, https:\/\/zs-belzyce.edu.pl\/wp-content\/uploads\/2023\/01\/Vintage-Gold-Black-Anniversary-Instagram-Post-1080\u00d71600-px-691x1024.png 691w, https:\/\/zs-belzyce.edu.pl\/wp-content\/uploads\/2023\/01\/Vintage-Gold-Black-Anniversary-Instagram-Post-1080\u00d71600-px-1037x1536.png 1037w, https:\/\/zs-belzyce.edu.pl\/wp-content\/uploads\/2023\/01\/Vintage-Gold-Black-Anniversary-Instagram-Post-1080\u00d71600-px.png 1080w\" sizes=\"auto, (max-width: 768px) 100vw, 768px\" \/>\t\t\t\t\t\t\t\t\t\t\t\t\t\t\t<\/div>\n\t\t\t\t<\/div>\n\t\t\t\t<div class=\"elementor-element elementor-element-82d07e6 elementor-widget elementor-widget-text-editor\" data-id=\"82d07e6\" data-element_type=\"widget\" data-widget_type=\"text-editor.default\">\n\t\t\t\t<div class=\"elementor-widget-container\">\n\t\t\t\t\t\t\t<p>Serdecznie zapraszamy Absolwent\u00f3w do udzia\u0142u w Jubileuszu.<\/p>\n<p>Bardzo prosimy o deklarowanie swojego udzia\u0142u za pomoc\u0105 podanego formularza dost\u0119pnego w linku <i><b>poni\u017cej<\/b><\/i> lub za po\u015brednictwem sekretariatu szko\u0142y pod numerem telefonu <b>(81) 517 23 62.<\/b><\/p>\n<p><span style=\"font-size: 1rem;\"><\/span><\/p>\n<p><\/p>\n<p><\/p><center><a href=\"https:\/\/forms.gle\/zocSVoctijY4BZRG9\">FORMULARZ<\/a><br><span style=\"font-size: 1rem;\"><\/span><\/center><br>U\u0142atwi nam to organizacj\u0119 wydarzenia. Swoje deklaracje prosimy sk\u0142ada\u0107 do ko\u0144ca<b> sierpnia 2023.<\/b><p><\/p>\n<p>Byliby\u015bmy wdzi\u0119czni za dzielenie si\u0119 wspomnieniami z pobytu w szkole.<\/p>\t\t\t\t\t\t<\/div>\n\t\t\t\t<\/div>\n\t\t\t\t<div class=\"elementor-element elementor-element-aead6cf elementor-widget elementor-widget-text-editor\" data-id=\"aead6cf\" data-element_type=\"widget\" data-widget_type=\"text-editor.default\">\n\t\t\t\t<div class=\"elementor-widget-container\">\n\t\t\t\t\t\t\t<p>Przewidywany program:<\/p><p>1. Msza \u015bwi\u0119ta w ko\u015bciele parafialnym w Be\u0142\u017cycach w intencji Absolwent\u00f3w i Pracownik\u00f3w.<\/p><p>2. Przemarsz do budynku szko\u0142y.<\/p><p>3. Oficjalna uroczysto\u015b\u0107 na sali gimnastycznej.<\/p><p>4. Spotkanie absolwent\u00f3w w klasach.<\/p><p>5. Z\u0142o\u017cenie kwiat\u00f3w na grobach nauczycieli.<\/p><p>6. Bal Absolwenta.<\/p>\t\t\t\t\t\t<\/div>\n\t\t\t\t<\/div>\n\t\t\t\t<div class=\"elementor-element elementor-element-ea478a4 elementor-widget elementor-widget-text-editor\" data-id=\"ea478a4\" data-element_type=\"widget\" data-widget_type=\"text-editor.default\">\n\t\t\t\t<div class=\"elementor-widget-container\">\n\t\t\t\t\t\t\t<p><\/p><center><p><\/p>\n<p><\/p><center><span style=\"font-size: 28.0pt; line-height: 107%; font-family: 'Arial','sans-serif';\">Wp\u0142aty za udzia\u0142 w Balu Absolwenta nale\u017cy dokonywa\u0107 na konto Rady Szko\u0142y przy Zespole Szk\u00f3\u0142 im. Miko\u0142aja Kopernika w Be\u0142\u017cycach do 10 pa\u017adziernika 2023 r.<br><br><\/span><\/center><span style=\"font-size: 28.0pt; line-height: 107%; font-family: 'Arial','sans-serif';\">Koszt udzia\u0142u wynosi <b>250,00 z\u0142<\/b><\/span><p><\/p>\n<p>&nbsp;<\/p>\n<p><span style=\"font-size: 28.0pt; line-height: 107%; font-family: 'Arial','sans-serif';\">Numer konta:<\/span><\/p>\n<p>&nbsp;<\/p>\n<p><span style=\"line-height: 107%;\"><b style=\"font-family: Arial, 'sans-serif'; font-size: 28pt;\">02 8685 0001 0016 1075 2000 0010<\/b><span style=\"font-family: Arial, sans-serif;\"><span style=\"font-size: 28px;\"><b><br><\/b><\/span><\/span><\/span><span style=\"font-size: 1rem;\">&nbsp;<\/span><\/p>\n<p><span style=\"font-size: 28.0pt; line-height: 107%; font-family: 'Arial','sans-serif';\">Z dopiskiem: <i>Bal Absolwenta<\/i><\/span><\/p>\n<p>&nbsp;<\/p>\n<\/center>\t\t\t\t\t\t<\/div>\n\t\t\t\t<\/div>\n\t\t\t\t<div class=\"elementor-element elementor-element-3e0393e elementor-widget elementor-widget-text-editor\" data-id=\"3e0393e\" data-element_type=\"widget\" data-widget_type=\"text-editor.default\">\n\t\t\t\t<div class=\"elementor-widget-container\">\n\t\t\t\t\t\t\t<font size=\"18\"><a href=\"https:\/\/drive.google.com\/file\/d\/1XHKIqp7o7miL1w8K5jLjUUnEhYP-LNQ2\/view?usp=sharing\">Regulamin<\/a>\t\t\t\t\t\t<\/div>\n\t\t\t\t<\/div>\n\t\t\t\t<section class=\"elementor-section elementor-inner-section elementor-element elementor-element-006bd7a elementor-section-boxed elementor-section-height-default elementor-section-height-default\" data-id=\"006bd7a\" data-element_type=\"section\">\n\t\t\t\t\t\t<div class=\"elementor-container elementor-column-gap-default\">\n\t\t\t\t\t<div class=\"elementor-column elementor-col-50 elementor-inner-column elementor-element elementor-element-c4c3917\" data-id=\"c4c3917\" data-element_type=\"column\">\n\t\t\t<div class=\"elementor-widget-wrap\">\n\t\t\t\t\t\t\t\t\t<\/div>\n\t\t<\/div>\n\t\t\t\t<div class=\"elementor-column elementor-col-50 elementor-inner-column elementor-element elementor-element-5bfff3b\" data-id=\"5bfff3b\" data-element_type=\"column\">\n\t\t\t<div class=\"elementor-widget-wrap\">\n\t\t\t\t\t\t\t\t\t<\/div>\n\t\t<\/div>\n\t\t\t\t\t\t\t<\/div>\n\t\t<\/section>\n\t\t\t\t\t<\/div>\n\t\t<\/div>\n\t\t\t\t\t\t\t<\/div>\n\t\t<\/section>\n\t\t\t\t\t\t\t<\/div>\n\t\t","protected":false},"excerpt":{"rendered":"<p>Jubileusz 70-lecia &#8222;Kopernika&#8221; &#8211; 21 pa\u017adziernika 2023 r. Jubileusz \u201eKopernika\u201d \u00a0Rok 2023 to w \u201eKoperniku\u201d rok 70 \u2013 lecia szko\u0142y. Uroczyste obchody\u00a0zaplanowali\u015bmy [&hellip;]<\/p>\n","protected":false},"author":1,"featured_media":0,"parent":0,"menu_order":33,"comment_status":"closed","ping_status":"closed","template":"","meta":{"footnotes":""},"class_list":["post-413","page","type-page","status-publish","hentry"],"_links":{"self":[{"href":"https:\/\/zs-belzyce.edu.pl\/index.php?rest_route=\/wp\/v2\/pages\/413","targetHints":{"allow":["GET"]}}],"collection":[{"href":"https:\/\/zs-belzyce.edu.pl\/index.php?rest_route=\/wp\/v2\/pages"}],"about":[{"href":"https:\/\/zs-belzyce.edu.pl\/index.php?rest_route=\/wp\/v2\/types\/page"}],"author":[{"embeddable":true,"href":"https:\/\/zs-belzyce.edu.pl\/index.php?rest_route=\/wp\/v2\/users\/1"}],"replies":[{"embeddable":true,"href":"https:\/\/zs-belzyce.edu.pl\/index.php?rest_route=%2Fwp%2Fv2%2Fcomments&post=413"}],"version-history":[{"count":52,"href":"https:\/\/zs-belzyce.edu.pl\/index.php?rest_route=\/wp\/v2\/pages\/413\/revisions"}],"predecessor-version":[{"id":1394,"href":"https:\/\/zs-belzyce.edu.pl\/index.php?rest_route=\/wp\/v2\/pages\/413\/revisions\/1394"}],"wp:attachment":[{"href":"https:\/\/zs-belzyce.edu.pl\/index.php?rest_route=%2Fwp%2Fv2%2Fmedia&parent=413"}],"curies":[{"name":"wp","href":"https:\/\/api.w.org\/{rel}","templated":true}]}}