{"id":522,"date":"2023-01-16T22:55:26","date_gmt":"2023-01-16T22:55:26","guid":{"rendered":"https:\/\/test1.zs-belzyce.edu.pl\/?page_id=522"},"modified":"2023-01-16T23:06:29","modified_gmt":"2023-01-16T23:06:29","slug":"historia-szkoly","status":"publish","type":"page","link":"https:\/\/zs-belzyce.edu.pl\/?page_id=522","title":{"rendered":"Historia szko\u0142y"},"content":{"rendered":"\t\t<div data-elementor-type=\"wp-page\" data-elementor-id=\"522\" class=\"elementor elementor-522\">\n\t\t\t\t\t\t\t\t\t<section class=\"elementor-section elementor-top-section elementor-element elementor-element-74cb2fd elementor-section-boxed elementor-section-height-default elementor-section-height-default\" data-id=\"74cb2fd\" data-element_type=\"section\">\n\t\t\t\t\t\t<div class=\"elementor-container elementor-column-gap-default\">\n\t\t\t\t\t<div class=\"elementor-column elementor-col-100 elementor-top-column elementor-element elementor-element-8a238a4\" data-id=\"8a238a4\" data-element_type=\"column\">\n\t\t\t<div class=\"elementor-widget-wrap elementor-element-populated\">\n\t\t\t\t\t\t\t\t<div class=\"elementor-element elementor-element-dc77ce3 elementor-widget elementor-widget-image\" data-id=\"dc77ce3\" data-element_type=\"widget\" data-widget_type=\"image.default\">\n\t\t\t\t<div class=\"elementor-widget-container\">\n\t\t\t<style>\/*! elementor - v3.17.0 - 08-11-2023 *\/\n.elementor-widget-image{text-align:center}.elementor-widget-image a{display:inline-block}.elementor-widget-image a img[src$=\".svg\"]{width:48px}.elementor-widget-image img{vertical-align:middle;display:inline-block}<\/style>\t\t\t\t\t\t\t\t\t\t\t\t<img loading=\"lazy\" decoding=\"async\" width=\"300\" height=\"219\" src=\"https:\/\/zs-belzyce.edu.pl\/wp-content\/uploads\/2023\/01\/szkola-300x219.jpg\" class=\"attachment-medium size-medium wp-image-524\" alt=\"\" srcset=\"https:\/\/zs-belzyce.edu.pl\/wp-content\/uploads\/2023\/01\/szkola-300x219.jpg 300w, https:\/\/zs-belzyce.edu.pl\/wp-content\/uploads\/2023\/01\/szkola.jpg 510w\" sizes=\"auto, (max-width: 300px) 100vw, 300px\" \/>\t\t\t\t\t\t\t\t\t\t\t\t\t\t\t<\/div>\n\t\t\t\t<\/div>\n\t\t\t\t\t<\/div>\n\t\t<\/div>\n\t\t\t\t\t\t\t<\/div>\n\t\t<\/section>\n\t\t\t\t<section class=\"elementor-section elementor-top-section elementor-element elementor-element-c104c45 elementor-section-boxed elementor-section-height-default elementor-section-height-default\" data-id=\"c104c45\" data-element_type=\"section\">\n\t\t\t\t\t\t<div class=\"elementor-container elementor-column-gap-default\">\n\t\t\t\t\t<div class=\"elementor-column elementor-col-100 elementor-top-column elementor-element elementor-element-3364f4b\" data-id=\"3364f4b\" data-element_type=\"column\">\n\t\t\t<div class=\"elementor-widget-wrap elementor-element-populated\">\n\t\t\t\t\t\t\t\t<div class=\"elementor-element elementor-element-41c6d04 elementor-widget elementor-widget-text-editor\" data-id=\"41c6d04\" data-element_type=\"widget\" data-widget_type=\"text-editor.default\">\n\t\t\t\t<div class=\"elementor-widget-container\">\n\t\t\t<style>\/*! elementor - v3.17.0 - 08-11-2023 *\/\n.elementor-widget-text-editor.elementor-drop-cap-view-stacked .elementor-drop-cap{background-color:#69727d;color:#fff}.elementor-widget-text-editor.elementor-drop-cap-view-framed .elementor-drop-cap{color:#69727d;border:3px solid;background-color:transparent}.elementor-widget-text-editor:not(.elementor-drop-cap-view-default) .elementor-drop-cap{margin-top:8px}.elementor-widget-text-editor:not(.elementor-drop-cap-view-default) .elementor-drop-cap-letter{width:1em;height:1em}.elementor-widget-text-editor .elementor-drop-cap{float:left;text-align:center;line-height:1;font-size:50px}.elementor-widget-text-editor .elementor-drop-cap-letter{display:inline-block}<\/style>\t\t\t\t<p style=\"border: none; font-size: 19px; line-height: 1.5; margin-right: 0px; margin-bottom: 20px; margin-left: 0px; padding: 0px; color: #444444; font-family: Lato, sans-serif; background-color: #f0f0f0;\">Historia tego budynku szkolnego si\u0119ga okresu mi\u0119dzywojennego. Dzi\u0119ki staraniom mieszka\u0144c\u00f3w Be\u0142\u017cyc powo\u0142ano Komitet Budowy Szko\u0142y. 3 wrze\u015bnia 1939r. odby\u0142o si\u0119 po\u015bwi\u0119cenie kamienia w\u0119gielnego i przyst\u0105piono do budowy. Po zako\u0144czeniu wojny rozbudowa szko\u0142y by\u0142a kontynuowana.<\/p><p style=\"border: none; font-size: 19px; line-height: 1.5; margin-right: 0px; margin-bottom: 20px; margin-left: 0px; padding: 0px; color: #444444; font-family: Lato, sans-serif; background-color: #f0f0f0;\">W pa\u017adzierniku 1953r. wzniesiono budynek przeznaczony na internat. Trwa\u0142o urz\u0105dzanie nowych pracowni, znaczn\u0105 ilo\u015b\u0107 sprz\u0119tu i pomocy dydaktycznych szko\u0142a otrzyma\u0142a ze zlikwidowanego Liceum Og\u00f3lnokszta\u0142c\u0105cego w Garbowie. Dzi\u0119ki wysi\u0142kom \u2013 w du\u017cej mierze Komitetu Rodzicielskiego \u2013 w roku szkolnym 1956\/57 przyst\u0105piono do budowy sali gimnastycznej. Ju\u017c w pierwszym roku prac wzniesiono mury sali i po\u0142o\u017cono strop nad pomieszczeniami internatu. Sala gimnastyczna zosta\u0142a oddana do u\u017cytku w roku 1959.<\/p><p style=\"border: none; font-size: 19px; line-height: 1.5; margin-right: 0px; margin-bottom: 20px; margin-left: 0px; padding: 0px; color: #444444; font-family: Lato, sans-serif; background-color: #f0f0f0;\">Wygl\u0105d budynku i otoczenia szko\u0142y uleg\u0142 wyra\u017anej poprawie, gdy budynek liceum opu\u015bci\u0142a w roku szkolnym 1974\/75 szko\u0142a podstawowa; przyst\u0105piono w\u00f3wczas do urz\u0105dzania nowych pracowni przedmiotowych.<\/p><p style=\"border: none; font-size: 19px; line-height: 1.5; margin-right: 0px; margin-bottom: 20px; margin-left: 0px; padding: 0px; color: #444444; font-family: Lato, sans-serif; background-color: #f0f0f0;\">W roku 1979 rozpocz\u0119to kapitalny remont budynku, w\u0142adze o\u015bwiatowe podj\u0119\u0142y te\u017c wtedy decyzj\u0119 o likwidacji internatu.<\/p><p style=\"border: none; font-size: 19px; line-height: 1.5; margin-right: 0px; margin-bottom: 20px; margin-left: 0px; padding: 0px; color: #444444; font-family: Lato, sans-serif; background-color: #f0f0f0;\">Budynek szko\u0142y przed remontem w 2003 roku<\/p>\t\t\t\t\t\t<\/div>\n\t\t\t\t<\/div>\n\t\t\t\t<div class=\"elementor-element elementor-element-3d90f7c elementor-widget elementor-widget-text-editor\" data-id=\"3d90f7c\" data-element_type=\"widget\" data-widget_type=\"text-editor.default\">\n\t\t\t\t<div class=\"elementor-widget-container\">\n\t\t\t\t\t\t\t<p><span style=\"font-weight: 700; color: rgb(68, 68, 68); font-family: Lato, sans-serif; font-size: 19px; background-color: rgb(240, 240, 240);\">Wa\u017cnymi wydarzeniami w \u017cyciu Liceum by\u0142y:<\/span><br><\/p>\t\t\t\t\t\t<\/div>\n\t\t\t\t<\/div>\n\t\t\t\t<div class=\"elementor-element elementor-element-cdc73b3 elementor-widget elementor-widget-text-editor\" data-id=\"cdc73b3\" data-element_type=\"widget\" data-widget_type=\"text-editor.default\">\n\t\t\t\t<div class=\"elementor-widget-container\">\n\t\t\t\t\t\t\t<p style=\"border: none; font-size: 19px; line-height: 1.5; margin-right: 0px; margin-bottom: 20px; margin-left: 0px; padding: 0px; color: #444444; font-family: Lato, sans-serif; background-color: #f0f0f0;\">Z dniem 1 wrze\u015bnia 1953 roku zosta\u0142a otwarta szko\u0142a og\u00f3lna \u2013 jedenastolatka, kt\u00f3rej nazwa brzmia\u0142a: Szko\u0142a Podstawowa i Liceum Og\u00f3lnokszta\u0142c\u0105ce w Be\u0142\u017cycach.<\/p><p style=\"border: none; font-size: 19px; line-height: 1.5; margin-right: 0px; margin-bottom: 0px; margin-left: 0px; padding: 0px; color: #444444; font-family: Lato, sans-serif; background-color: #f0f0f0;\">Obok trzynastu oddzia\u0142\u00f3w szko\u0142y podstawowej powsta\u0142y dwie klasy licealne. W 1967 roku \u2013 w wyniku reorganizacji szkolnictwa \u2013 nast\u0105pi\u0142 podzia\u0142 administracyjny be\u0142\u017cyckiej jedenastolatki; wyodr\u0119bniono Szko\u0142\u0119 Podstawow\u0105<br \/>i dwuci\u0105gowe Liceum Og\u00f3lnokszta\u0142c\u0105ce<\/p><p style=\"border: none; font-size: 19px; line-height: 1.5; margin-right: 0px; margin-bottom: 0px; margin-left: 0px; padding: 0px; color: #444444; font-family: Lato, sans-serif; background-color: #f0f0f0;\">\u00a0<\/p>\t\t\t\t\t\t<\/div>\n\t\t\t\t<\/div>\n\t\t\t\t<div class=\"elementor-element elementor-element-2f50498 elementor-widget elementor-widget-image\" data-id=\"2f50498\" data-element_type=\"widget\" data-widget_type=\"image.default\">\n\t\t\t\t<div class=\"elementor-widget-container\">\n\t\t\t\t\t\t\t\t\t\t\t\t\t\t\t<img loading=\"lazy\" decoding=\"async\" width=\"150\" height=\"150\" src=\"https:\/\/zs-belzyce.edu.pl\/wp-content\/uploads\/2023\/01\/grayscale40-150x150.jpg\" class=\"attachment-thumbnail size-thumbnail wp-image-532\" alt=\"\" \/>\t\t\t\t\t\t\t\t\t\t\t\t\t\t\t<\/div>\n\t\t\t\t<\/div>\n\t\t\t\t<div class=\"elementor-element elementor-element-f966fa1 elementor-widget elementor-widget-text-editor\" data-id=\"f966fa1\" data-element_type=\"widget\" data-widget_type=\"text-editor.default\">\n\t\t\t\t<div class=\"elementor-widget-container\">\n\t\t\t\t\t\t\t<p style=\"border: none; font-size: 19px; line-height: 1.5; margin-right: 0px; margin-bottom: 20px; margin-left: 0px; padding: 0px; color: #444444; font-family: Lato, sans-serif; background-color: #f0f0f0;\">Nadanie w 1973r. im. Miko\u0142aja Kopernika oraz ufundowanie nowego sztandaru przez POM.<\/p><p style=\"border: none; font-size: 19px; line-height: 1.5; margin-right: 0px; margin-bottom: 20px; margin-left: 0px; padding: 0px; color: #444444; font-family: Lato, sans-serif; background-color: #f0f0f0;\">W zwi\u0105zku z rozwojem miejscowego przemys\u0142u, zasz\u0142a konieczno\u015b\u0107 kszta\u0142cenia zawodowego. Z dniem 1 wrze\u015bnia 1974 r. w budynku liceum rozpocz\u0119\u0142a dzia\u0142alno\u015b\u0107 Zasadnicza Szko\u0142a Zawodowa, dzia\u0142aj\u0105ca jako filia Zasadniczej Szko\u0142y Zawodowej Nr 2 w Lublinie.<\/p><p style=\"border: none; font-size: 19px; line-height: 1.5; margin-right: 0px; margin-bottom: 20px; margin-left: 0px; padding: 0px; color: #444444; font-family: Lato, sans-serif; background-color: #f0f0f0;\">W 1975 roku nast\u0105pi\u0142o opuszczenie budynku szkolnego przez Gminn\u0105 Szko\u0142\u0119 Zbiorcz\u0105,<br \/>co spowodowa\u0142o wyra\u017an\u0105 popraw\u0119 bazy liceum.<\/p><p style=\"border: none; font-size: 19px; line-height: 1.5; margin-right: 0px; margin-bottom: 20px; margin-left: 0px; padding: 0px; color: #444444; font-family: Lato, sans-serif; background-color: #f0f0f0;\">W dniu 13 kwietnia 1975 r. odby\u0142a si\u0119 w szkole uroczysto\u015b\u0107 wr\u0119czenia sztandaru, kt\u00f3ry zosta\u0142 ufundowany przez Pa\u0144stwowy O\u015brodek Maszynowy Be\u0142\u017cycach.<\/p><p style=\"border: none; font-size: 19px; line-height: 1.5; margin-right: 0px; margin-bottom: 20px; margin-left: 0px; padding: 0px; color: #444444; font-family: Lato, sans-serif; background-color: #f0f0f0;\">Decyzj\u0105 Kuratora O\u015bwiaty i Wychowania w Lublinie z dnia 22 marca 1980 r. utworzono zbiorczy zak\u0142ad szkolny o nazwie Zesp\u00f3\u0142 Szk\u00f3\u0142 w Be\u0142\u017cycach. W jego sk\u0142ad wesz\u0142y: Liceum Og\u00f3lnokszta\u0142c\u0105ce, Zasadnicza Szko\u0142a Zawodowa i Technikum Mechaniczne dla pracuj\u0105cych.<\/p><p style=\"border: none; font-size: 19px; line-height: 1.5; margin-right: 0px; margin-bottom: 20px; margin-left: 0px; padding: 0px; color: #444444; font-family: Lato, sans-serif; background-color: #f0f0f0;\">W 1983 r. powo\u0142ano 5-letnie Technikum Mechaniczne na podbudowie szko\u0142y podstawowej, a od 1 wrze\u015bnia 1987r. uruchomiono Technikum Mechaniczne na podbudowie zasadniczej szko\u0142y zawodowej.<\/p><p style=\"border: none; font-size: 19px; line-height: 1.5; margin-right: 0px; margin-bottom: 20px; margin-left: 0px; padding: 0px; color: #444444; font-family: Lato, sans-serif; background-color: #f0f0f0;\">G\u0142\u00f3wnie dzi\u0119ki w\u0142asnym wysi\u0142kom, zorganizowano baz\u0119 dydaktyczn\u0105 dla szk\u00f3\u0142 zawodowych w obiektach przej\u0119tych po FMiUPS \u201eSpomasz\u201d.<\/p>\t\t\t\t\t\t<\/div>\n\t\t\t\t<\/div>\n\t\t\t\t<div class=\"elementor-element elementor-element-2189647 elementor-widget elementor-widget-text-editor\" data-id=\"2189647\" data-element_type=\"widget\" data-widget_type=\"text-editor.default\">\n\t\t\t\t<div class=\"elementor-widget-container\">\n\t\t\t\t\t\t\t<p class=\"MsoNormal\"><span style=\"font-size: 14.5pt; line-height: 107%; font-family: 'Lato',sans-serif; color: #444444; background: #F0F0F0;\">Pozwoli\u0142o to na wprowadzenie w Zasadniczej Szkole Zawodowej klas w zawodzie: mechanik pojazd\u00f3w samochodowych. D\u0105\u017cenie do zapewnienia uczniom tych klas kszta\u0142cenia umiej\u0119tno\u015bci w jak najlepszych warunkach, doprowadzi\u0142o do otwarcia w listopadzie 1995r. nowoczesnej Stacji Kontroli Pojazd\u00f3w i Dzia\u0142\u00f3w Naprawy Samochod\u00f3w.<\/span><\/p>\t\t\t\t\t\t<\/div>\n\t\t\t\t<\/div>\n\t\t\t\t<div class=\"elementor-element elementor-element-247ec08 elementor-widget elementor-widget-image\" data-id=\"247ec08\" data-element_type=\"widget\" data-widget_type=\"image.default\">\n\t\t\t\t<div class=\"elementor-widget-container\">\n\t\t\t\t\t\t\t\t\t\t\t\t\t\t\t<img loading=\"lazy\" decoding=\"async\" width=\"320\" height=\"240\" src=\"https:\/\/zs-belzyce.edu.pl\/wp-content\/uploads\/2023\/01\/50lecie100.jpg\" class=\"attachment-large size-large wp-image-533\" alt=\"\" srcset=\"https:\/\/zs-belzyce.edu.pl\/wp-content\/uploads\/2023\/01\/50lecie100.jpg 320w, https:\/\/zs-belzyce.edu.pl\/wp-content\/uploads\/2023\/01\/50lecie100-300x225.jpg 300w\" sizes=\"auto, (max-width: 320px) 100vw, 320px\" \/>\t\t\t\t\t\t\t\t\t\t\t\t\t\t\t<\/div>\n\t\t\t\t<\/div>\n\t\t\t\t<div class=\"elementor-element elementor-element-6beaf38 elementor-widget elementor-widget-text-editor\" data-id=\"6beaf38\" data-element_type=\"widget\" data-widget_type=\"text-editor.default\">\n\t\t\t\t<div class=\"elementor-widget-container\">\n\t\t\t\t\t\t\t<p style=\"border: none; font-size: 19px; line-height: 1.5; margin-right: 0px; margin-bottom: 20px; margin-left: 0px; padding: 0px; color: #444444; font-family: Lato, sans-serif; background-color: #f0f0f0;\">W roku szkolnym 1997\/98 \u2013 r\u00f3wnie\u017c w Technikum Mechanicznym \u2013 wprowadzono specjalno\u015b\u0107 samochodow\u0105: naprawa i eksploatacja pojazd\u00f3w samochodowych.<\/p><p style=\"border: none; font-size: 19px; line-height: 1.5; margin-right: 0px; margin-bottom: 20px; margin-left: 0px; padding: 0px; color: #444444; font-family: Lato, sans-serif; background-color: #f0f0f0;\">Dzi\u0119ki wzbogaceniu bazy informatycznej, w roku szkolnym 2000\/2001 rozpocz\u0119\u0142a dzia\u0142alno\u015b\u0107 Policealna Szko\u0142a Zawodowa kszta\u0142c\u0105ca w zawodzie technik informatyk.<\/p><p style=\"border: none; font-size: 19px; line-height: 1.5; margin-right: 0px; margin-bottom: 20px; margin-left: 0px; padding: 0px; color: #444444; font-family: Lato, sans-serif; background-color: #f0f0f0;\">19 grudnia 2001 roku Rada Pedagogiczna podj\u0119\u0142a uchwa\u0142\u0119 o rozszerzeniu imienia Miko\u0142aja Kopernika na ca\u0142y Zesp\u00f3\u0142 Szk\u00f3\u0142. Uchwa\u0142\u0119 Rady Powiatu o rozszerzeniu imienia wr\u0119czy\u0142 Starosta Lubelski w czasie uroczysto\u015bci 50 \u2013lecia istnienia LO w pa\u017adzierniku 2003 roku.<\/p><p style=\"border: none; font-size: 19px; line-height: 1.5; margin-right: 0px; margin-bottom: 20px; margin-left: 0px; padding: 0px; color: #444444; font-family: Lato, sans-serif; background-color: #f0f0f0;\">W latach 2000\/2009 uczniowie Zespo\u0142u Szk\u00f3\u0142 odnosili znacz\u0105ce sukcesy sportowe, zw\u0142aszcza zawodnicy Uczniowskiego Klubu Sportowego sekcji taekwondo pod kierunkiem mgr Wojciecha Kowalskiego. W roku 2004 Uczniowski Klub Sportowy ZS im. M. Kopernika w Be\u0142\u017cycach otrzyma\u0142 ministerialne wyr\u00f3\u017cnienie za sw\u0105 dzia\u0142alno\u015b\u0107 i osi\u0105gni\u0119cia oraz zosta\u0142 sklasyfikowany na 4 miejscu w Polsce w klasyfikacji Sportu Dzieci i M\u0142odzie\u017cy w\u015br\u00f3d klub\u00f3w sportowych. W 2006 roku UKS zaj\u0105\u0142 3 miejsce w Polsce w M\u0142odzie\u017cowych Mistrzostwach Polski w Taekwondo. UKS ZS by\u0142 wsp\u00f3\u0142organizatorem zawod\u00f3w , kt\u00f3re rozegra\u0142y si\u0119 w Lublinie.<\/p><p style=\"border: none; font-size: 19px; line-height: 1.5; margin-right: 0px; margin-bottom: 20px; margin-left: 0px; padding: 0px; color: #444444; font-family: Lato, sans-serif; background-color: #f0f0f0;\">W latach 2005\/2007 szko\u0142a otrzyma\u0142a dwie nowe pracownie komputerowe i dwa centra multimedialne.<\/p><p style=\"border: none; font-size: 19px; line-height: 1.5; margin-right: 0px; margin-bottom: 20px; margin-left: 0px; padding: 0px; color: #444444; font-family: Lato, sans-serif; background-color: #f0f0f0;\">Od 2005 r. systematycznie poprawiana jest estetyka i stan techniczny bazy dydaktycznej dla szk\u00f3\u0142 zawodowych. Modernizowane i doposa\u017cone s\u0105 zw\u0142aszcza pracownie zaj\u0119\u0107 praktycznych. W 2009 roku zorganizowano Biuro Obs\u0142ugi Klienta.<\/p><p style=\"border: none; font-size: 19px; line-height: 1.5; margin-right: 0px; margin-bottom: 20px; margin-left: 0px; padding: 0px; color: #444444; font-family: Lato, sans-serif; background-color: #f0f0f0;\">W tym te\u017c roku zosta\u0142a utworzona w zespole nowa jednostka \u2013 (4-letnie ) Technikum kszta\u0142c\u0105ce w zawodzie technik informatyk.<\/p><p style=\"border: none; font-size: 19px; line-height: 1.5; margin-right: 0px; margin-bottom: 20px; margin-left: 0px; padding: 0px; color: #444444; font-family: Lato, sans-serif; background-color: #f0f0f0;\">R\u00f3wnie\u017c w 2005 roku uczniowie klasy II c LO zostali wyr\u00f3\u017cnieni w konkursie og\u00f3lnopolskim na film o wybranym pa\u0144stwie Unii Europejskiej, w nagrod\u0119 wzi\u0119li udzia\u0142 w sesji naukowej, kt\u00f3ra odby\u0142a si\u0119 w Warszawie.<\/p><p style=\"border: none; font-size: 19px; line-height: 1.5; margin-right: 0px; margin-bottom: 20px; margin-left: 0px; padding: 0px; color: #444444; font-family: Lato, sans-serif; background-color: #f0f0f0;\">Od listopada 2005 organizowane s\u0105 wycieczki do ciekawych miejsc w Polsce (np. Krak\u00f3w), dla najlepszych uczni\u00f3w poszczeg\u00f3lnych klas ZS (koszty pokrywa Rada Rodzic\u00f3w).<\/p><p style=\"border: none; font-size: 19px; line-height: 1.5; margin-right: 0px; margin-bottom: 20px; margin-left: 0px; padding: 0px; color: #444444; font-family: Lato, sans-serif; background-color: #f0f0f0;\">14.01.2006 roku odby\u0142 si\u0119 jubileusz 10-lecia UKS ZS w Be\u0142\u017cycach.<\/p><p style=\"border: none; font-size: 19px; line-height: 1.5; margin-right: 0px; margin-bottom: 20px; margin-left: 0px; padding: 0px; color: #444444; font-family: Lato, sans-serif; background-color: #f0f0f0;\">9-10 maja 2006 roku \u2013 22 abiturient\u00f3w TM po ZSZ zdawa\u0142o po raz ostatni w naszej szkole egzamin dojrza\u0142o\u015bci wg starych zasad. Wszyscy osi\u0105gn\u0119li pozytywne wyniki.<\/p><p style=\"border: none; font-size: 19px; line-height: 1.5; margin-right: 0px; margin-bottom: 20px; margin-left: 0px; padding: 0px; color: #444444; font-family: Lato, sans-serif; background-color: #f0f0f0;\">14 pa\u017adziernika 2007 roku w ZS odby\u0142y si\u0119 obchody Powiatowego Dnia Edukacji Narodowej.<\/p><p style=\"border: none; font-size: 19px; line-height: 1.5; margin-right: 0px; margin-bottom: 20px; margin-left: 0px; padding: 0px; color: #444444; font-family: Lato, sans-serif; background-color: #f0f0f0;\">Od 2001 roku w ZS realizowane by\u0142y nast\u0119puj\u0105ce projekty dydaktyczne:<\/p><p style=\"border: none; font-size: 19px; line-height: 1.5; margin-right: 0px; margin-bottom: 20px; margin-left: 0px; padding: 0px; color: #444444; font-family: Lato, sans-serif; background-color: #f0f0f0;\">,,Ziemia jest tylko jedna, dbaj o ni\u0105\u2019\u2019 autorstwa mgr Anny Plak, mgr Anny Biernackiej<br \/>i mgr Ryszarda Biernackiego;<br \/>,,Trzymaj si\u0119 prosto\u2019\u2019 autorstwa mgr Mariusza Plewika;<br \/>,,Trudny wyb\u00f3r. Absolwent a rynek pracy\u2019\u2019 autorstwa mgr Grzegorza Zagajewskiego<br \/>i mgr Mieczys\u0142awa Kami\u0144skiego;<\/p><p style=\"border: none; font-size: 19px; line-height: 1.5; margin-right: 0px; margin-bottom: 20px; margin-left: 0px; padding: 0px; color: #444444; font-family: Lato, sans-serif; background-color: #f0f0f0;\">Lata 2005\/2006, 2006\/2007 \u2013 udzia\u0142 szko\u0142y w projektach Leonardo da Vinci (wyjazdy uczni\u00f3w<br \/>na praktyki zawodowe do W\u0142och);<\/p><p style=\"border: none; font-size: 19px; line-height: 1.5; margin-right: 0px; margin-bottom: 20px; margin-left: 0px; padding: 0px; color: #444444; font-family: Lato, sans-serif; background-color: #f0f0f0;\">Od roku 2006 ZS wsp\u00f3\u0142pracuje ze szko\u0142\u0105 im. Georga B\u00fcchnera w Erlensee ko\u0142o Frankfurtu<br \/>nad Menem. W 2009 roku m\u0142odzie\u017c szko\u0142y wsp\u00f3lnie z niemieckimi uczniami zwiedza\u0142a Krak\u00f3w<br \/>i Zakopane.<\/p><p style=\"border: none; font-size: 19px; line-height: 1.5; margin-right: 0px; margin-bottom: 20px; margin-left: 0px; padding: 0px; color: #444444; font-family: Lato, sans-serif; background-color: #f0f0f0;\">Rok 2007 \u2013 udzia\u0142 ko\u0142a astronomicznego w konkursie ,,SuperNova Szko\u0142a\u2019\u2019, w nagrod\u0119 Starosta Lubelski ufundowa\u0142 szkole teleskop.<\/p><p style=\"border: none; font-size: 19px; line-height: 1.5; margin-right: 0px; margin-bottom: 20px; margin-left: 0px; padding: 0px; color: #444444; font-family: Lato, sans-serif; background-color: #f0f0f0;\">Rok 2008 \u2013 udzia\u0142 szko\u0142y w projekcie ,,Szko\u0142a dla Ciebie\u2019\u2019<\/p><p style=\"border: none; font-size: 19px; line-height: 1.5; margin-right: 0px; margin-bottom: 20px; margin-left: 0px; padding: 0px; color: #444444; font-family: Lato, sans-serif; background-color: #f0f0f0;\">W roku szkolnym 2008\/2009 oraz 2009\/2010 szko\u0142a uczestniczy\u0142a w dw\u00f3ch projektach finansowanych z EFS<\/p><p style=\"border: none; font-size: 19px; line-height: 1.5; margin-right: 0px; margin-bottom: 20px; margin-left: 0px; padding: 0px; color: #444444; font-family: Lato, sans-serif; background-color: #f0f0f0;\">Dwukrotnie szko\u0142a by\u0142a zaanga\u017cowana w program PEACE \u2013 \u201elekcja tolerancji\u201d.<br \/>W roku 2009 pobyt wolontariuszy z Turcji i W\u0142och organizowa\u0142o stowarzyszenie AISEC.<\/p><p style=\"border: none; font-size: 19px; line-height: 1.5; margin-right: 0px; margin-bottom: 20px; margin-left: 0px; padding: 0px; color: #444444; font-family: Lato, sans-serif; background-color: #f0f0f0;\">W roku szkolnym 2008\/2009 uko\u0144czono rozbudow\u0119 szko\u0142y. Pozyskano now\u0105 klatk\u0119 schodow\u0105, szatni\u0119 i sal\u0119 konferencyjn\u0105.<\/p><p style=\"border: none; font-size: 19px; line-height: 1.5; margin-right: 0px; margin-bottom: 20px; margin-left: 0px; padding: 0px; color: #444444; font-family: Lato, sans-serif; background-color: #f0f0f0;\">W tym samym okresie nast\u0105pi\u0142a adaptacja dawnej hali warsztat\u00f3w szkolnych na sal\u0119 sport\u00f3w si\u0142owych.<\/p><p style=\"border: none; font-size: 19px; line-height: 1.5; margin-right: 0px; margin-bottom: 20px; margin-left: 0px; padding: 0px; color: #444444; font-family: Lato, sans-serif; background-color: #f0f0f0;\">Od roku szkolnego 2008\/2009 w Liceum Og\u00f3lnokszta\u0142c\u0105cym wdra\u017cane s\u0105 kolejne innowacje pedagogiczne wzbogacaj\u0105ce ofert\u0119 edukacyjn\u0105 szko\u0142y.<\/p><p style=\"border: none; font-size: 19px; line-height: 1.5; margin-right: 0px; margin-bottom: 20px; margin-left: 0px; padding: 0px; color: #444444; font-family: Lato, sans-serif; background-color: #f0f0f0;\">W roku szkolnym 2009\/2010 Liceum Og\u00f3lnokszta\u0142c\u0105ce przyst\u0105pi\u0142o do Programu ,,Szko\u0142a Ucz\u0105ca si\u0119\u2019\u2019, kt\u00f3rego koordynatorem jest Centrum Edukacji Obywatelskiej.Efektem udzia\u0142u w programie by\u0142o wdro\u017cenie w szkole element\u00f3w oceniania kszta\u0142tuj\u0105cego.<\/p><p style=\"border: none; font-size: 19px; line-height: 1.5; margin-right: 0px; margin-bottom: 20px; margin-left: 0px; padding: 0px; color: #444444; font-family: Lato, sans-serif; background-color: #f0f0f0;\">W roku szkolnym 2010\/11 zosta\u0142 przeprowadzony remont budynk\u00f3w szkolnych przy ulicy Wilczy\u0144skiego. Wykonano szereg prac termo- modernizacyjnych oraz remont Stacji Kontroli Pojazd\u00f3w.<\/p><p style=\"border: none; font-size: 19px; line-height: 1.5; margin-right: 0px; margin-bottom: 20px; margin-left: 0px; padding: 0px; color: #444444; font-family: Lato, sans-serif; background-color: #f0f0f0;\">Rok szkolny 2011\/12 i 2012\/13 \u2013 udzia\u0142 szko\u0142y w programie COMENIUS.<\/p><p style=\"border: none; font-size: 19px; line-height: 1.5; margin-right: 0px; margin-bottom: 20px; margin-left: 0px; padding: 0px; color: #444444; font-family: Lato, sans-serif; background-color: #f0f0f0;\">W roku 2013 Powiat Lubelski sfinansowa\u0142 remont sali gimnastycznej, w kt\u00f3rej wcze\u015bniej (w 2010r.) po\u0142o\u017cono nowy parkiet.<\/p><p style=\"border: none; font-size: 19px; line-height: 1.5; margin-right: 0px; margin-bottom: 20px; margin-left: 0px; padding: 0px; color: #444444; font-family: Lato, sans-serif; background-color: #f0f0f0;\">Od roku 2008 szko\u0142a bierze udzia\u0142 w projektach unijnych, w kt\u00f3rych wnioskodawc\u0105 jest Powiat Lubelski.<\/p>\t\t\t\t\t\t<\/div>\n\t\t\t\t<\/div>\n\t\t\t\t\t<\/div>\n\t\t<\/div>\n\t\t\t\t\t\t\t<\/div>\n\t\t<\/section>\n\t\t\t\t\t\t\t<\/div>\n\t\t","protected":false},"excerpt":{"rendered":"<p>Historia tego budynku szkolnego si\u0119ga okresu mi\u0119dzywojennego. Dzi\u0119ki staraniom mieszka\u0144c\u00f3w Be\u0142\u017cyc powo\u0142ano Komitet Budowy Szko\u0142y. 3 wrze\u015bnia 1939r. odby\u0142o si\u0119 po\u015bwi\u0119cenie kamienia [&hellip;]<\/p>\n","protected":false},"author":1,"featured_media":0,"parent":0,"menu_order":45,"comment_status":"closed","ping_status":"closed","template":"","meta":{"footnotes":""},"class_list":["post-522","page","type-page","status-publish","hentry"],"_links":{"self":[{"href":"https:\/\/zs-belzyce.edu.pl\/index.php?rest_route=\/wp\/v2\/pages\/522","targetHints":{"allow":["GET"]}}],"collection":[{"href":"https:\/\/zs-belzyce.edu.pl\/index.php?rest_route=\/wp\/v2\/pages"}],"about":[{"href":"https:\/\/zs-belzyce.edu.pl\/index.php?rest_route=\/wp\/v2\/types\/page"}],"author":[{"embeddable":true,"href":"https:\/\/zs-belzyce.edu.pl\/index.php?rest_route=\/wp\/v2\/users\/1"}],"replies":[{"embeddable":true,"href":"https:\/\/zs-belzyce.edu.pl\/index.php?rest_route=%2Fwp%2Fv2%2Fcomments&post=522"}],"version-history":[{"count":13,"href":"https:\/\/zs-belzyce.edu.pl\/index.php?rest_route=\/wp\/v2\/pages\/522\/revisions"}],"predecessor-version":[{"id":542,"href":"https:\/\/zs-belzyce.edu.pl\/index.php?rest_route=\/wp\/v2\/pages\/522\/revisions\/542"}],"wp:attachment":[{"href":"https:\/\/zs-belzyce.edu.pl\/index.php?rest_route=%2Fwp%2Fv2%2Fmedia&parent=522"}],"curies":[{"name":"wp","href":"https:\/\/api.w.org\/{rel}","templated":true}]}}