{"id":687,"date":"2023-01-24T10:52:46","date_gmt":"2023-01-24T10:52:46","guid":{"rendered":"https:\/\/zs-belzyce.edu.pl\/?page_id=687"},"modified":"2023-01-24T11:04:32","modified_gmt":"2023-01-24T11:04:32","slug":"deklaracja-dostepnosci","status":"publish","type":"page","link":"https:\/\/zs-belzyce.edu.pl\/?page_id=687","title":{"rendered":"Deklaracja dost\u0119pno\u015bci"},"content":{"rendered":"\t\t<div data-elementor-type=\"wp-page\" data-elementor-id=\"687\" class=\"elementor elementor-687\">\n\t\t\t\t\t\t\t\t\t<section class=\"elementor-section elementor-top-section elementor-element elementor-element-3c94982 elementor-section-boxed elementor-section-height-default elementor-section-height-default\" data-id=\"3c94982\" data-element_type=\"section\">\n\t\t\t\t\t\t<div class=\"elementor-container elementor-column-gap-default\">\n\t\t\t\t\t<div class=\"elementor-column elementor-col-100 elementor-top-column elementor-element elementor-element-0376345\" data-id=\"0376345\" data-element_type=\"column\">\n\t\t\t<div class=\"elementor-widget-wrap elementor-element-populated\">\n\t\t\t\t\t\t\t\t<div class=\"elementor-element elementor-element-b90c351 elementor-widget elementor-widget-text-editor\" data-id=\"b90c351\" data-element_type=\"widget\" data-widget_type=\"text-editor.default\">\n\t\t\t\t<div class=\"elementor-widget-container\">\n\t\t\t<style>\/*! elementor - v3.17.0 - 08-11-2023 *\/\n.elementor-widget-text-editor.elementor-drop-cap-view-stacked .elementor-drop-cap{background-color:#69727d;color:#fff}.elementor-widget-text-editor.elementor-drop-cap-view-framed .elementor-drop-cap{color:#69727d;border:3px solid;background-color:transparent}.elementor-widget-text-editor:not(.elementor-drop-cap-view-default) .elementor-drop-cap{margin-top:8px}.elementor-widget-text-editor:not(.elementor-drop-cap-view-default) .elementor-drop-cap-letter{width:1em;height:1em}.elementor-widget-text-editor .elementor-drop-cap{float:left;text-align:center;line-height:1;font-size:50px}.elementor-widget-text-editor .elementor-drop-cap-letter{display:inline-block}<\/style>\t\t\t\t<h1 id=\"a11y-deklaracja\">Deklaracja dost\u0119pno\u015bci Zespo\u0142u Szk\u00f3\u0142 im. Miko\u0142aja Kopernika w Be\u0142\u017cycach<\/h1>\n<p id=\"a11y-wstep\"><span id=\"a11y-podmiot\">Zesp\u00f3\u0142 Szk\u00f3\u0142 im. Miko\u0142aja Kopernika w Be\u0142\u017cycach<\/span> zobowi\u0105zuje si\u0119 zapewni\u0107 dost\u0119pno\u015b\u0107 swojej strony internetowej zgodnie z przepisami ustawy z dnia 4&nbsp;kwietnia 2019&nbsp;r. o&nbsp;dost\u0119pno\u015bci cyfrowej stron internetowych i&nbsp;aplikacji mobilnych podmiot\u00f3w publicznych. O\u015bwiadczenie w sprawie dost\u0119pno\u015bci ma zastosowanie do strony internetowej <a id=\"a11y-url\" href=\"https:\/\/zs-belzyce.edu.pl\/\">Zespo\u0142u Szk\u00f3\u0142 im. Miko\u0142aja Kopernika w Be\u0142\u017cycach<\/a>.<\/p>\n<ul>\n    <li>Data publikacji strony internetowej: <time id=\"a11y-data-publikacja\" datetime=\"2023-01-19\">2023-01-19<\/time><\/li>\n    <li>Data ostatniej istotnej aktualizacji: <time id=\"a11y-data-aktualizacja\" datetime=\"2023-01-19\">2023-01-19<\/time><\/li>\n<\/ul>\n<h2>Status pod wzgl\u0119dem zgodno\u015bci z ustaw\u0105<\/h2>\n    <p>Strona internetowa jest <strong id=\"a11y-status\">cz\u0119\u015bciowo zgodna<\/strong> z&nbsp;ustaw\u0105 o&nbsp;dost\u0119pno\u015bci cyfrowej stron internetowych i&nbsp;aplikacji mobilnych podmiot\u00f3w publicznych z&nbsp;powodu niezgodno\u015bci lub wy\u0142\u0105cze\u0144 wymienionych poni\u017cej.<\/p>\n\n<h3>Tre\u015bci niedost\u0119pne<\/h3>\n    <ul>\n            <li>\n            Pliki PDF, DOC itp. \u2013 redaktorzy staraj\u0105 si\u0119 ograniczy\u0107 do minimum korzystanie z takich plik\u00f3w i osadza\u0107 teksty bezpo\u015brednio w serwisie. Odr\u0119bn\u0105 kwesti\u0105 jest poprawne formatowanie plik\u00f3w tak, by by\u0142y one dost\u0119pne (np. powinny posiada\u0107 struktur\u0119 znacznik\u00f3w, czyli tagowanie).\n        <\/li>\n            <li>\n            Serwis zawiera dokumenty PDF, kt\u00f3re powsta\u0142y na podstawie \u017ale przygotowanych dokument\u00f3w np. word (nie ma w nich dobrze zaznaczonej logicznej struktury) \u2013 lub s\u0105 skanami dokument\u00f3w. W miar\u0119 mo\u017cliwo\u015bci b\u0119dziemy to poprawia\u0107, oraz dok\u0142ada\u0107 stara\u0144 by nowe dokumenty przygotowywane by\u0142y poprawnie.\n        <\/li>\n            <li>\n            Nieczytelne przez czytniki ekranu dokumenty PDF u\u017cytkownicy mog\u0105 rozpozna\u0107 narz\u0119dziem OCR.\n        <\/li>\n        <\/ul>\n\n\n\n<h3> Przygotowanie deklaracji w sprawie dost\u0119pno\u015bci<\/h3>\n<ul>\n<li>Deklaracj\u0119 sporz\u0105dzono dnia:  <time id=\"a11y-data-sporzadzenie\" datetime=\"2023-01-24\">2023-01-24<\/time><\/li>\n<li>Deklaracj\u0119 zosta\u0142a ostatnio poddana przegl\u0105dowi i aktualizacji dnia:  <time id=\"a11y-data-deklaracja-przeglad\" datetime=\"2023-01-23\">2023-01-23<\/time><\/li>\n<\/ul>\n\n    <p>Deklaracj\u0119 sporz\u0105dzono na podstawie samooceny. <\/p>\n\n\n<h2 id=\"a11y-kontakt\">Informacje zwrotne i dane kontaktowe<\/h2>\n<ul>\n<li>Za rozpatrywanie uwag i wniosk\u00f3w odpowiada:  <span id=\"a11y-osoba\">Karol Czapla<\/span>.<\/li>\n<li>E-mail: <span id=\"a11y-email\">sekretariat@zs-belzyce.edu.pl<\/span><\/li>\n<li>Telefon: <span id=\"a11y-telefon\">81 517 23 62<\/span><\/li>\n<\/ul>\n\n<p id=\"a11y-procedura\">Ka\u017cdy ma prawo:<\/p>\n<ul>\n    <li>zg\u0142osi\u0107 uwagi dotycz\u0105ce dost\u0119pno\u015bci cyfrowej strony lub jej elementu,<\/li>\n    <li>zg\u0142osi\u0107 \u017c\u0105danie zapewnienia dost\u0119pno\u015bci cyfrowej strony lub jej elementu,<\/li>\n    <li>wnioskowa\u0107 o udost\u0119pnienie niedost\u0119pnej informacji w innej alternatywnej formie.<\/li>\n<\/ul>\n<p>\u017b\u0105danie musi zawiera\u0107:<\/p>\n<ul>\n    <li>dane kontaktowe osoby zg\u0142aszaj\u0105cej,<\/li>\n    <li>wskazanie strony lub elementu strony, kt\u00f3rej dotyczy \u017c\u0105danie,<\/li>\n    <li>wskazanie dogodnej formy udost\u0119pnienia informacji, je\u015bli \u017c\u0105danie dotyczy udost\u0119pnienia w formie alternatywnej informacji niedost\u0119pnej.<\/li>\n<\/ul>\n<p>Rozpatrzenie zg\u0142oszenia powinno nast\u0105pi\u0107 niezw\u0142ocznie, najp\u00f3\u017aniej w ci\u0105gu 7 dni. Je\u015bli w tym terminie zapewnienie dost\u0119pno\u015bci albo zapewnienie dost\u0119pu w alternatywnej formie nie jest mo\u017cliwe, powinno nast\u0105pi\u0107 najdalej w ci\u0105gu 2 miesi\u0119cy od daty zg\u0142oszenia.<\/p>\n\n<h3>Skargi i odwo\u0142ania<\/h3>\n<p>Na niedotrzymanie tych termin\u00f3w oraz na odmow\u0119 realizacji \u017c\u0105dania mo\u017cna z\u0142o\u017cy\u0107 skarg\u0119 do organu nadzoruj\u0105cego poczt\u0105 lub drog\u0105 elektroniczn\u0105 na adres:<\/p>\n<ul>\n<li>Organ nadzoruj\u0105cy: Zesp\u00f3\u0142 Szk\u00f3\u0142 im. Miko\u0142aja Kopernika w Be\u0142\u017cycach<\/li>\n<li>Adres: Bychawska 4, 24 \u2013 200 Be\u0142\u017cyce<\/li>\n<li>E-mail: sekretariat@zs-belzyce.edu.pl<\/li>\n<li>Telefon: 81 517 23 62<\/li>\n<\/ul>\n<p>Skarg\u0119 mo\u017cna z\u0142o\u017cy\u0107 r\u00f3wnie\u017c do  <a href=\"https:\/\/www.rpo.gov.pl\/content\/jak-zglosic-sie-do-rzecznika-praw-obywatelskich\">Rzecznika Praw Obywatelskich<\/a>.<\/p>\n\n<h2 id=\"a11y-architektura\">Dost\u0119pno\u015b\u0107 architektoniczna<\/h2>\n<h3>I . Budynek szko\u0142y ul. Bychawska 4<\/h3>\n<p><strong>1. Opis dost\u0119pno\u015bci wej\u015bcia do budynku.<\/strong><\/p>\n<p>Budynek posiada dwa wej\u015bcia. Wej\u015bcie g\u0142&oacute;wne, kt&oacute;re jest wej\u015bciem&nbsp; z poziomu terenu bez przeszk&oacute;d architektonicznych oraz wej\u015bcie boczne (od strony boiska) przebiegaj\u0105ce po powierzchni trawiastej, jest wyj\u015bciem ewakuacyjnym nie dostosowanym dla os&oacute;b niepe\u0142nosprawnych. Budynek jest wielokondygnacyjny, bardzo du\u017ca ilo\u015b\u0107 schod&oacute;w na wielu poziomach uniemo\u017cliwia przemieszczanie si\u0119 na w&oacute;zku inwalidzkim.<\/p>\n<p><br \/><strong>2. Opis dost\u0119pno\u015bci korytarzy, schod&oacute;w, windy i toalet.&nbsp; &nbsp;&nbsp;<\/strong><\/p>\n<p>\u017badna z toalet nie jest dost\u0119pna dla os&oacute;b na w&oacute;zkach inwalidzkich ze wzgl\u0119du na konieczno\u015b\u0107 pokonania schod&oacute;w. Na klatkach schodowych zamontowane s\u0105 por\u0119cze. W korytarzach nie ma wydzielonych stref kontroli.<\/p>\n<p><br \/><strong>3. Opis dostosowa\u0144, na przyk\u0142ad pochylni, platform, informacji g\u0142osowych, p\u0119tlach indukcyjnych.<\/strong><\/p>\n<p>W budynku nie ma p\u0119tli indukcyjnych, platform oraz informacji g\u0142osowych. W budynku nie ma oznacze\u0144 w alfabecie brajla ani oznacze\u0144 kontrastowych lub w druku powi\u0119kszonym dla os&oacute;b niewidomych i s\u0142abowidz\u0105cych.&nbsp;&nbsp;&nbsp;<\/p>\n<p>&nbsp;&nbsp;<br \/><strong>4. Informacje o miejscu i sposobie korzystania z miejsc parkingowych wyznaczonych dla os&oacute;b niepe\u0142nosprawnych.<\/strong><\/p>\n<p>Brak wyznaczonych miejsc dla os&oacute;b niepe\u0142nosprawnych<br \/><br \/><\/p>\n<p><strong>5. Informacja o prawie wst\u0119pu z psem asystuj\u0105cym i ewentualnych uzasadnionych ograniczeniach.<\/strong><\/p>\n<p>Do budynku mo\u017cna wej\u015b\u0107 z psem asystuj\u0105cym i psem przewodnikiem.<\/p>\n<p><br \/><strong>&nbsp;6. Informacje o mo\u017cliwo\u015bci skorzystania z t\u0142umacza j\u0119zyka migowego na miejscu lub online.<\/strong><\/p>\n<p>Budynek nie jest wyposa\u017cony w aplikacj\u0119 t\u0142umacza polskiego j\u0119zyka migowego (PJM) online ani nie zosta\u0142 przeszkolony \u017caden pracownik z polskiego j\u0119zyka migowego.<\/p>\n<p>O\u015bwiadczenie sporz\u0105dzono: 24.01.2023.<\/p>\n<p>Deklaracj\u0119 sporz\u0105dzono na podstawie samooceny przeprowadzonej przez podmiot publiczny.<\/p>\n<h3><strong>II . Budynek szko\u0142y ul. Wilczy\u0144skiego 98<\/strong><\/h3>\n<p><strong>1. Opis dost\u0119pno\u015bci wej\u015bcia do budynku.<\/strong><\/p>\n<p>Budynek posiada dwa wej\u015bcia. Wej\u015bcie g\u0142&oacute;wne, kt&oacute;re jest wej\u015bciem&nbsp; z poziomu terenu z niskim podestem oraz wej\u015bcie boczne (od strony si\u0142owni), jest wyj\u015bciem ewakuacyjnym nie dostosowanym dla os&oacute;b niepe\u0142nosprawnych. Budynek jest&nbsp; jednokondygnacyjny.<br \/><br \/><\/p>\n<p><strong>2. Opis dost\u0119pno\u015bci korytarzy, schod&oacute;w, windy i toalet.<\/strong><\/p>\n<p>Toalety s\u0105 dost\u0119pne dla os&oacute;b na w&oacute;zkach inwalidzkich.<br \/><br \/><\/p>\n<p><strong>3. Opis dostosowa\u0144, na przyk\u0142ad pochylni, platform, informacji g\u0142osowych, p\u0119tlach indukcyjnych.<\/strong><\/p>\n<p>W budynku nie ma p\u0119tli indukcyjnych, platform oraz informacji g\u0142osowych. W budynku nie ma oznacze\u0144 w alfabecie brajla ani oznacze\u0144 kontrastowych lub w druku powi\u0119kszonym dla os&oacute;b niewidomych i s\u0142abowidz\u0105cych.<\/p>\n<p><br \/><strong>&nbsp;4. Informacje o miejscu i sposobie korzystania z miejsc parkingowych wyznaczonych dla os&oacute;b niepe\u0142nosprawnych.<\/strong><\/p>\n<p>Brak wyznaczonych miejsc dla os&oacute;b niepe\u0142nosprawnych<br \/><br \/><\/p>\n<p><strong>&nbsp;5. Informacja o prawie wst\u0119pu z psem asystuj\u0105cym i ewentualnych uzasadnionych ograniczeniach.<\/strong><\/p>\n<p>Do budynku mo\u017cna wej\u015b\u0107 z psem asystuj\u0105cym i psem przewodnikiem.<br \/><br \/><br \/><strong>&nbsp;6. Informacje o mo\u017cliwo\u015bci skorzystania z t\u0142umacza j\u0119zyka migowego na miejscu lub online.<\/strong><\/p>\n<p>Budynek nie jest wyposa\u017cony w aplikacj\u0119 t\u0142umacza polskiego j\u0119zyka migowego (PJM) online ani nie zosta\u0142 przeszkolony \u017caden pracownik z polskiego j\u0119zyka migowego.<\/p>\n<p>O\u015bwiadczenie sporz\u0105dzono: 24.01.2023.<\/p>\n<p>Deklaracj\u0119 sporz\u0105dzono na podstawie samooceny przeprowadzonej przez podmiot publiczny.<\/p>\t\t\t\t\t\t<\/div>\n\t\t\t\t<\/div>\n\t\t\t\t\t<\/div>\n\t\t<\/div>\n\t\t\t\t\t\t\t<\/div>\n\t\t<\/section>\n\t\t\t\t\t\t\t<\/div>\n\t\t","protected":false},"excerpt":{"rendered":"<p>Deklaracja dost\u0119pno\u015bci Zespo\u0142u Szk\u00f3\u0142 im. Miko\u0142aja Kopernika w Be\u0142\u017cycach Zesp\u00f3\u0142 Szk\u00f3\u0142 im. Miko\u0142aja Kopernika w Be\u0142\u017cycach zobowi\u0105zuje si\u0119 zapewni\u0107 dost\u0119pno\u015b\u0107 swojej strony [&hellip;]<\/p>\n","protected":false},"author":1,"featured_media":0,"parent":0,"menu_order":36,"comment_status":"closed","ping_status":"closed","template":"","meta":{"footnotes":""},"class_list":["post-687","page","type-page","status-publish","hentry"],"_links":{"self":[{"href":"https:\/\/zs-belzyce.edu.pl\/index.php?rest_route=\/wp\/v2\/pages\/687","targetHints":{"allow":["GET"]}}],"collection":[{"href":"https:\/\/zs-belzyce.edu.pl\/index.php?rest_route=\/wp\/v2\/pages"}],"about":[{"href":"https:\/\/zs-belzyce.edu.pl\/index.php?rest_route=\/wp\/v2\/types\/page"}],"author":[{"embeddable":true,"href":"https:\/\/zs-belzyce.edu.pl\/index.php?rest_route=\/wp\/v2\/users\/1"}],"replies":[{"embeddable":true,"href":"https:\/\/zs-belzyce.edu.pl\/index.php?rest_route=%2Fwp%2Fv2%2Fcomments&post=687"}],"version-history":[{"count":10,"href":"https:\/\/zs-belzyce.edu.pl\/index.php?rest_route=\/wp\/v2\/pages\/687\/revisions"}],"predecessor-version":[{"id":705,"href":"https:\/\/zs-belzyce.edu.pl\/index.php?rest_route=\/wp\/v2\/pages\/687\/revisions\/705"}],"wp:attachment":[{"href":"https:\/\/zs-belzyce.edu.pl\/index.php?rest_route=%2Fwp%2Fv2%2Fmedia&parent=687"}],"curies":[{"name":"wp","href":"https:\/\/api.w.org\/{rel}","templated":true}]}}