{"id":752,"date":"2023-01-31T17:40:11","date_gmt":"2023-01-31T17:40:11","guid":{"rendered":"https:\/\/zs-belzyce.edu.pl\/?page_id=752"},"modified":"2023-01-31T17:40:11","modified_gmt":"2023-01-31T17:40:11","slug":"patron-szkoly","status":"publish","type":"page","link":"https:\/\/zs-belzyce.edu.pl\/?page_id=752","title":{"rendered":"Patron szko\u0142y"},"content":{"rendered":"<div class=\"wp-block-image\">\n<figure class=\"aligncenter size-full is-resized\"><img loading=\"lazy\" decoding=\"async\" src=\"https:\/\/zs-belzyce.edu.pl\/wp-content\/uploads\/2023\/01\/image.png\" alt=\"\" class=\"wp-image-753\" width=\"830\" height=\"337\" srcset=\"https:\/\/zs-belzyce.edu.pl\/wp-content\/uploads\/2023\/01\/image.png 640w, https:\/\/zs-belzyce.edu.pl\/wp-content\/uploads\/2023\/01\/image-300x122.png 300w\" sizes=\"auto, (max-width: 830px) 100vw, 830px\" \/><\/figure>\n<\/div>\n\n\n<p class=\"has-medium-font-size\">Miko\u0142aj Kopernik \u2013 patron naszej szko\u0142y, by\u0142 najs\u0142ynniejszym i najwybitniejszym naukowcem w dziejach ludzko\u015bci. S\u0142awa jego zwi\u0105zana jest z opracowan\u0105 przez niego astronomiczn\u0105 teori\u0105 heliocentryczn\u0105.<\/p>\n\n\n\n<p class=\"has-medium-font-size\">Ten najznakomitszy mieszkaniec Torunia, urodzi\u0142 si\u0119 tu 19 lutego 1473 roku przy ulicy \u015bw. Anny. Dzisiaj Ulica ta nosi jego nazwisko, a w budynku mie\u015bci si\u0119 muzeum Kopernika. W mie\u015bcie swoich narodzin Kopernik zosta\u0142 ochrzczony w \u00f3wczesnym ko\u015bciele parafialnym, a w dzisiejszej katedrze \u015bw. Jana sp\u0119dzi\u0142 dzieci\u0144stwo i cz\u0119\u015b\u0107 swojej m\u0142odo\u015bci.<\/p>\n\n\n\n<p class=\"has-medium-font-size\">Edukacj\u0119 m\u0142ody Miko\u0142aj rozpocz\u0105\u0142 w szkole miejskiej przy ko\u015bciele \u015bw. Jana. Zdobyte tam solidne podstawy umo\u017cliwi\u0142y mu kontynuowanie nauki. Podj\u0105\u0142 w\u00f3wczas studia na uniwersyteckim wydziale sztuk wyzwolonych. W 1491r., w wieku 18 lat, Kopernik pod wp\u0142ywem wuja \u2013 biskupa \u0141ukasza Witzenrode, rozpocz\u0105\u0142 studia na Wszechnicy Krakowskiej. Opu\u015bci\u0142 wtedy rodzinne miasto, ale nigdy nie zapomnia\u0142 swojego pochodzenia.<\/p>\n\n\n\n<p class=\"has-medium-font-size\">W czasie czterech lat sp\u0119dzonych na krakowskiej uczelni Miko\u0142aj zetkn\u0105\u0142 si\u0119 z wieloma dyscyplinami nauki i s\u0142ucha\u0142 wyk\u0142ad\u00f3w wielu uczonych. Mi\u0119dzy innymi z gramatyki, retoryki, poetyki, a tak\u017ce z astronomii, kt\u00f3ra w znaczny spos\u00f3b wp\u0142yn\u0119\u0142a na jego dalsze \u017cycie. Dzi\u0119ki tym zaj\u0119ciom poznawa\u0142 wszelkie tajemnice astronomii i prawdopodobnie w\u0142a\u015bnie wtedy, w umy\u015ble Kopernika zrodzi\u0142a si\u0119 koncepcja teorii budowy \u015bwiata, odmienna od powszechnie w\u00f3wczas uznawanej.<\/p>\n\n\n\n<p class=\"has-medium-font-size\">Po roku 1496 wyruszy\u0142 do Italii i rozpocz\u0105\u0142 studia na uniwersytecie w Bolonii. Opr\u00f3cz nauk prawniczych przeprowadzi\u0142 tam samodzielne, pierwsze obserwacje astronomiczne. Dzi\u0119ki nauce j\u0119zyka greckiego m\u00f3g\u0142 ponadto korzysta\u0107 z oryginalnych tekst\u00f3w staro\u017cytnych uczonych w rozwijaniu swojej pasji. Kontynuowa\u0142 j\u0105 przez lata, przebywaj\u0105c we Fromborku po roku 1510.<\/p>\n\n\n\n<p class=\"has-medium-font-size\">Kopernik jako kanonik kapitu\u0142y warmi\u0144skiej (godno\u015b\u0107 t\u0119 obj\u0105\u0142 jesieni\u0105 1495r.) piastowa\u0142 r\u00f3\u017cne stanowiska w administracji biskupstwa, zajmowa\u0142 si\u0119 r\u00f3wnie\u017c sprawami zwi\u0105zanymi<br>z obronno\u015bci\u0105 Olsztyna. Pisa\u0142 te\u017c rozprawy ekonomiczne i udziela\u0142 rad kr\u00f3lowi polskiemu, w sprawach zwi\u0105zanych z obiegiem pieni\u0119\u017cnym.<\/p>\n\n\n\n<p class=\"has-medium-font-size\">Ten wybitny \u201ecz\u0142owiek renesansu\u201d najwi\u0119cej jednak czasu po\u015bwi\u0119ca\u0142 swojemu wielkiemu dzie\u0142u astronomicznemu \u2013 popiera\u0142 i ci\u0105gle wzbogaca\u0142 wieloma twierdzeniami swoj\u0105 teori\u0119 heliocentryczn\u0105.<\/p>\n\n\n\n<p class=\"has-medium-font-size\">Pierwsza redakcja dzie\u0142a \u201eO obrotach sfer niebieskich\u201d by\u0142a gotowa ju\u017c w 1530r., jednak z obawy o reakcje w\u0142adz ko\u015bcielnych, Kopernik nie chcia\u0142 jej publicznie og\u0142osi\u0107. Jedynie przybycie do Fromborka m\u0142odego profesora matematyki Jerzego Joachima Retyka, kt\u00f3ry by\u0142 zwolennikiem pogl\u0105d\u00f3w Kopernika, sk\u0142oni\u0142o astronoma do opublikowania dzie\u0142a. Ostatecznie ukaza\u0142o si\u0119 ono drukiem w marcu 1543r. Przedstawia\u0142o w racjonalny spos\u00f3b rzeczywiste istnienie \u015bwiata i mia\u0142o spowodowa\u0107 przewr\u00f3t w pogl\u0105dach na budow\u0119 wszech\u015bwiata. Jednak pod koniec 1542r. Kopernik ci\u0119\u017cko zachorowa\u0142 i nie m\u00f3g\u0142 nawet ogl\u0105da\u0107 swojego wydrukowanego dzie\u0142a.<\/p>\n\n\n\n<p class=\"has-medium-font-size\">24 maja 1543r. Kopernik zmar\u0142 we Fromborku i zosta\u0142 pochowany w tamtejszej katedrze. W 1853r. wzniesiono pomnik ku czci wielkiego astronoma, a ulic\u0119 przy kt\u00f3rej si\u0119 urodzi\u0142, nazwano jego imieniem. Imi\u0119 wielkiego astronoma nosi jedna z najlepszych polskich uczelni: Uniwersytet miko\u0142aj Kopernika w Toruniu.<\/p>\n\n\n\n<p class=\"has-medium-font-size\">W \u017cyciu naszej szko\u0142y donios\u0142ym wydarzeniem sta\u0142o si\u0119 nadanie jej imienia tego wielkiego Polaka \u2013 Miko\u0142aja Kopernika, w roku szkolnym 1972\/73. My\u015bl nadania szkole patrona nie by\u0142a nowa. Inicjatywy wcze\u015bniejsze wychodzi\u0142y od Komitetu Rodzicielskiego, cz\u0142onk\u00f3w Rady Pedagogicznej<br>i samej m\u0142odzie\u017cy, ju\u017c w pierwszych latach dzia\u0142alno\u015bci liceum. Pismem Kuratora Okr\u0119gu szkolnego z dnia 21 grudnia 1972r. kurator mgr K\u0119cki, nada\u0142 szkole imi\u0119: Liceum Og\u00f3lnokszta\u0142c\u0105ce im. Miko\u0142aja Kopernika w Be\u0142\u017cycach. Jeszcze wcze\u015bniej, bo w 1971r. przed wej\u015bciem g\u0142\u00f3wnym do budynku szkolnego zosta\u0142a wmurowana marmurowa tablica z pe\u0142n\u0105 nazw\u0105 szko\u0142y i podobizn\u0105 jej patrona z dat\u0105 18 listopada 1971r.<\/p>\n\n\n\n<p class=\"has-medium-font-size\">Uroczysto\u015b\u0107 szkolna zwi\u0105zana z nadaniem szkole imienia, odby\u0142a si\u0119 z udzia\u0142em w\u0142adz miejscowych w ramach centralnych obchod\u00f3w kopernikowskich, zwi\u0105zanych z 500-rocznic\u0105 urodzin wielkiego astronoma.<\/p>\n\n\n\n<p class=\"has-medium-font-size\">W roku 2003 z okazji jubileuszu 50-lecia funkcjonowania szko\u0142y, uchwa\u0142\u0105 Rady Powiatu Lubelskiego rozszerzono imi\u0119 Miko\u0142aja Kopernika na ca\u0142y Zesp\u00f3\u0142 Szk\u00f3\u0142. Wi\u0105za\u0142o si\u0119 to r\u00f3wnie\u017c<br>z ufundowaniem szkole nowego sztandaru. Zosta\u0142 on przekazany przez rad\u0119 Rodzic\u00f3w w czasie uroczysto\u015bci jubileuszowych w pa\u017adzierniku 2003r.<\/p>\n","protected":false},"excerpt":{"rendered":"<p>Miko\u0142aj Kopernik \u2013 patron naszej szko\u0142y, by\u0142 najs\u0142ynniejszym i najwybitniejszym naukowcem w dziejach ludzko\u015bci. S\u0142awa jego zwi\u0105zana jest z opracowan\u0105 przez niego [&hellip;]<\/p>\n","protected":false},"author":1,"featured_media":0,"parent":0,"menu_order":56,"comment_status":"closed","ping_status":"closed","template":"","meta":{"footnotes":""},"class_list":["post-752","page","type-page","status-publish","hentry"],"_links":{"self":[{"href":"https:\/\/zs-belzyce.edu.pl\/index.php?rest_route=\/wp\/v2\/pages\/752","targetHints":{"allow":["GET"]}}],"collection":[{"href":"https:\/\/zs-belzyce.edu.pl\/index.php?rest_route=\/wp\/v2\/pages"}],"about":[{"href":"https:\/\/zs-belzyce.edu.pl\/index.php?rest_route=\/wp\/v2\/types\/page"}],"author":[{"embeddable":true,"href":"https:\/\/zs-belzyce.edu.pl\/index.php?rest_route=\/wp\/v2\/users\/1"}],"replies":[{"embeddable":true,"href":"https:\/\/zs-belzyce.edu.pl\/index.php?rest_route=%2Fwp%2Fv2%2Fcomments&post=752"}],"version-history":[{"count":1,"href":"https:\/\/zs-belzyce.edu.pl\/index.php?rest_route=\/wp\/v2\/pages\/752\/revisions"}],"predecessor-version":[{"id":754,"href":"https:\/\/zs-belzyce.edu.pl\/index.php?rest_route=\/wp\/v2\/pages\/752\/revisions\/754"}],"wp:attachment":[{"href":"https:\/\/zs-belzyce.edu.pl\/index.php?rest_route=%2Fwp%2Fv2%2Fmedia&parent=752"}],"curies":[{"name":"wp","href":"https:\/\/api.w.org\/{rel}","templated":true}]}}